{"id":2736,"date":"2026-03-16T16:53:30","date_gmt":"2026-03-16T14:53:30","guid":{"rendered":"https:\/\/mypropertyexpert.eu\/?page_id=2736"},"modified":"2026-03-17T15:13:45","modified_gmt":"2026-03-17T13:13:45","slug":"nt-konsultacija","status":"publish","type":"page","link":"https:\/\/mypropertyexpert.eu\/en\/nt-konsultacija","title":{"rendered":"NT konsultacija"},"content":{"rendered":"<div data-elementor-type=\"wp-page\" data-elementor-id=\"2736\" class=\"elementor elementor-2736\" data-elementor-post-type=\"page\">\n\t\t\t\t<div class=\"elementor-element elementor-element-bcafddc e-flex e-con-boxed e-con e-parent\" data-id=\"bcafddc\" data-element_type=\"container\" data-e-type=\"container\" data-settings=\"{&quot;background_background&quot;:&quot;classic&quot;}\">\n\t\t\t\t\t<div class=\"e-con-inner\">\n\t\t<div class=\"elementor-element elementor-element-1b17e80 e-con-full e-flex e-con e-child\" data-id=\"1b17e80\" data-element_type=\"container\" data-e-type=\"container\">\n\t\t\t\t<div class=\"elementor-element elementor-element-c6aa3e1 elementor-widget elementor-widget-heading\" data-id=\"c6aa3e1\" data-element_type=\"widget\" data-e-type=\"widget\" data-widget_type=\"heading.default\">\n\t\t\t\t<div class=\"elementor-widget-container\">\n\t\t\t\t\t<h2 class=\"elementor-heading-title elementor-size-default\">NT konsultacija Vilniuje \u2013 profesionalus patarimas prie\u0161 priimant svarbius\nsprendimus<\/h2>\t\t\t\t<\/div>\n\t\t\t\t<\/div>\n\t\t<div class=\"elementor-element elementor-element-6556e79 e-con-full e-flex e-con e-child\" data-id=\"6556e79\" data-element_type=\"container\" data-e-type=\"container\">\n\t\t\t\t<div class=\"elementor-element elementor-element-8b0ebaf elementor-widget elementor-widget-text-editor\" data-id=\"8b0ebaf\" data-element_type=\"widget\" data-e-type=\"widget\" data-widget_type=\"text-editor.default\">\n\t\t\t\t<div class=\"elementor-widget-container\">\n\t\t\t\t\t\t\t\t\t<p>Nekilnojamojo turto sprendimai da\u017enai kelia daug klausim\u0173: kokia reali turto vert\u0117, kada geriausias laikas parduoti ar pirkti, kokia rinkos situacija.<br \/><br \/>Konsultacijos metu padedu \u012fvertinti situacij\u0105 ir rasti tinkamiausi\u0105 sprendim\u0105.<\/p>\t\t\t\t\t\t\t\t<\/div>\n\t\t\t\t<\/div>\n\t\t\t\t<div class=\"elementor-element elementor-element-eae431b elementor-widget elementor-widget-button\" data-id=\"eae431b\" data-element_type=\"widget\" data-e-type=\"widget\" data-widget_type=\"button.default\">\n\t\t\t\t<div class=\"elementor-widget-container\">\n\t\t\t\t\t\t\t\t\t<div class=\"elementor-button-wrapper\">\n\t\t\t\t\t<a class=\"elementor-button elementor-button-link elementor-size-sm\" href=\"#\" id=\"nemokama-konsultacija\">\n\t\t\t\t\t\t<span class=\"elementor-button-content-wrapper\">\n\t\t\t\t\t\t\t\t\t<span class=\"elementor-button-text\">Rezervuoti konsultacij\u0105<\/span>\n\t\t\t\t\t<\/span>\n\t\t\t\t\t<\/a>\n\t\t\t\t<\/div>\n\t\t\t\t\t\t\t\t<\/div>\n\t\t\t\t<\/div>\n\t\t<div class=\"elementor-element elementor-element-ce59f3d e-con-full e-flex e-con e-child\" data-id=\"ce59f3d\" data-element_type=\"container\" data-e-type=\"container\">\n\t\t\t\t<div class=\"elementor-element elementor-element-74b126b elementor-widget elementor-widget-heading\" data-id=\"74b126b\" data-element_type=\"widget\" data-e-type=\"widget\" data-widget_type=\"heading.default\">\n\t\t\t\t<div class=\"elementor-widget-container\">\n\t\t\t\t\t<h2 class=\"elementor-heading-title elementor-size-default\">Kada verta pasikonsultuoti<\/h2>\t\t\t\t<\/div>\n\t\t\t\t<\/div>\n\t\t<div class=\"elementor-element elementor-element-0ac0afe e-con-full e-flex e-con e-child\" data-id=\"0ac0afe\" data-element_type=\"container\" data-e-type=\"container\">\n\t\t\t\t<div class=\"elementor-element elementor-element-7774b15 elementor-widget elementor-widget-text-editor\" data-id=\"7774b15\" data-element_type=\"widget\" data-e-type=\"widget\" data-widget_type=\"text-editor.default\">\n\t\t\t\t<div class=\"elementor-widget-container\">\n\t\t\t\t\t\t\t\t\t<p>Konsultacija gali b\u016bti naudinga, jei:<br \/>\u2022 planuojate parduoti nekilnojam\u0105j\u012f turt\u0105<br \/>\u2022 svarstote apie b\u016bsto pirkim\u0105<br \/>\u2022 norite su\u017einoti reali\u0105 turto rinkos kain\u0105<br \/>\u2022 objektas ilg\u0105 laik\u0105 neparduodamas<br \/><br \/>Kartais viena konsultacija padeda i\u0161vengti klaid\u0173, kurios gali kainuoti daug laiko ir pinig\u0173.<\/p>\t\t\t\t\t\t\t\t<\/div>\n\t\t\t\t<\/div>\n\t\t<div class=\"elementor-element elementor-element-0d0e12e e-con-full e-flex e-con e-child\" data-id=\"0d0e12e\" data-element_type=\"container\" data-e-type=\"container\">\n\t\t\t\t<div class=\"elementor-element elementor-element-b491792 elementor-widget elementor-widget-heading\" data-id=\"b491792\" data-element_type=\"widget\" data-e-type=\"widget\" data-widget_type=\"heading.default\">\n\t\t\t\t<div class=\"elementor-widget-container\">\n\t\t\t\t\t<h2 class=\"elementor-heading-title elementor-size-default\">K\u0105 aptarsime konsultacijos metu<\/h2>\t\t\t\t<\/div>\n\t\t\t\t<\/div>\n\t\t<div class=\"elementor-element elementor-element-26b70f0 e-con-full e-flex e-con e-child\" data-id=\"26b70f0\" data-element_type=\"container\" data-e-type=\"container\">\n\t\t\t\t<div class=\"elementor-element elementor-element-a6ad302 elementor-widget elementor-widget-text-editor\" data-id=\"a6ad302\" data-element_type=\"widget\" data-e-type=\"widget\" data-widget_type=\"text-editor.default\">\n\t\t\t\t<div class=\"elementor-widget-container\">\n\t\t\t\t\t\t\t\t\t<p>Konsultacijos metu galime aptarti:<br \/>\u2022 reali\u0105 j\u016bs\u0173 turto rinkos vert\u0119<br \/>\u2022 galim\u0105 pardavimo ar pirkimo strategij\u0105<br \/>\u2022 dabartin\u0119 nekilnojamojo turto rinkos situacij\u0105<br \/>\u2022 kitus jums svarbius klausimus<br \/><br \/>Tikslas \u2013 kad tur\u0117tum\u0117te ai\u0161k\u0173 plan\u0105 prie\u0161 priimdami svarbius sprendimus.<\/p>\t\t\t\t\t\t\t\t<\/div>\n\t\t\t\t<\/div>\n\t\t<div class=\"elementor-element elementor-element-2a7694b e-con-full e-flex e-con e-child\" data-id=\"2a7694b\" data-element_type=\"container\" data-e-type=\"container\">\n\t\t\t\t<div class=\"elementor-element elementor-element-976cd25 elementor-widget elementor-widget-heading\" data-id=\"976cd25\" data-element_type=\"widget\" data-e-type=\"widget\" data-widget_type=\"heading.default\">\n\t\t\t\t<div class=\"elementor-widget-container\">\n\t\t\t\t\t<h2 class=\"elementor-heading-title elementor-size-default\">Svarstote apie nekilnojamojo turto sprendim\u0105?<\/h2>\t\t\t\t<\/div>\n\t\t\t\t<\/div>\n\t\t<div class=\"elementor-element elementor-element-6885436 e-con-full e-flex e-con e-child\" data-id=\"6885436\" data-element_type=\"container\" data-e-type=\"container\">\n\t\t\t\t<div class=\"elementor-element elementor-element-d48d5ea elementor-widget elementor-widget-text-editor\" data-id=\"d48d5ea\" data-element_type=\"widget\" data-e-type=\"widget\" data-widget_type=\"text-editor.default\">\n\t\t\t\t<div class=\"elementor-widget-container\">\n\t\t\t\t\t\t\t\t\t<p>Susisiekite d\u0117l konsultacijos ir kartu aptarsime j\u016bs\u0173 situacij\u0105 bei galimus sprendimus.<\/p>\t\t\t\t\t\t\t\t<\/div>\n\t\t\t\t<\/div>\n\t\t\t\t<div class=\"elementor-element elementor-element-5698b87 elementor-widget elementor-widget-button\" data-id=\"5698b87\" data-element_type=\"widget\" data-e-type=\"widget\" data-widget_type=\"button.default\">\n\t\t\t\t<div class=\"elementor-widget-container\">\n\t\t\t\t\t\t\t\t\t<div class=\"elementor-button-wrapper\">\n\t\t\t\t\t<a class=\"elementor-button elementor-button-link elementor-size-sm\" href=\"#\" id=\"nemokama-konsultacija\">\n\t\t\t\t\t\t<span class=\"elementor-button-content-wrapper\">\n\t\t\t\t\t\t\t\t\t<span class=\"elementor-button-text\">Rezervuoti konsultacij\u0105<\/span>\n\t\t\t\t\t<\/span>\n\t\t\t\t\t<\/a>\n\t\t\t\t<\/div>\n\t\t\t\t\t\t\t\t<\/div>\n\t\t\t\t<\/div>\n\t\t\t\t<\/div>\n\t\t\t\t<\/div>\n\t\t\t\t<\/div>\n\t\t\t\t<\/div>\n\t\t\t\t<\/div>\n\t\t\t\t<\/div>\n\t\t\t\t<\/div>\n\t\t\t\t<\/div>\n\t\t\t\t\t<\/div>\n\t\t\t\t<\/div>\n\t\t\t\t<\/div>","protected":false},"excerpt":{"rendered":"<p>NT konsultacija Vilniuje \u2013 profesionalus patarimas prie\u0161 priimant svarbius sprendimus Nekilnojamojo turto sprendimai da\u017enai kelia daug klausim\u0173: kokia reali turto [&hellip;]<\/p>\n","protected":false},"author":1,"featured_media":0,"parent":0,"menu_order":0,"comment_status":"closed","ping_status":"closed","template":"","meta":{"site-sidebar-layout":"no-sidebar","site-content-layout":"page-builder","ast-site-content-layout":"full-width-container","site-content-style":"default","site-sidebar-style":"default","ast-global-header-display":"","ast-banner-title-visibility":"","ast-main-header-display":"","ast-hfb-above-header-display":"","ast-hfb-below-header-display":"","ast-hfb-mobile-header-display":"","site-post-title":"disabled","ast-breadcrumbs-content":"","ast-featured-img":"disabled","footer-sml-layout":"","ast-disable-related-posts":"","theme-transparent-header-meta":"","adv-header-id-meta":"","stick-header-meta":"","header-above-stick-meta":"","header-main-stick-meta":"","header-below-stick-meta":"","astra-migrate-meta-layouts":"default","ast-page-background-enabled":"default","ast-page-background-meta":{"desktop":{"background-color":"","background-image":"","background-repeat":"repeat","background-position":"center center","background-size":"auto","background-attachment":"scroll","background-type":"","background-media":"","overlay-type":"","overlay-color":"","overlay-opacity":"","overlay-gradient":""},"tablet":{"background-color":"","background-image":"","background-repeat":"repeat","background-position":"center center","background-size":"auto","background-attachment":"scroll","background-type":"","background-media":"","overlay-type":"","overlay-color":"","overlay-opacity":"","overlay-gradient":""},"mobile":{"background-color":"","background-image":"","background-repeat":"repeat","background-position":"center center","background-size":"auto","background-attachment":"scroll","background-type":"","background-media":"","overlay-type":"","overlay-color":"","overlay-opacity":"","overlay-gradient":""}},"ast-content-background-meta":{"desktop":{"background-color":"var(--ast-global-color-5)","background-image":"","background-repeat":"repeat","background-position":"center center","background-size":"auto","background-attachment":"scroll","background-type":"","background-media":"","overlay-type":"","overlay-color":"","overlay-opacity":"","overlay-gradient":""},"tablet":{"background-color":"var(--ast-global-color-5)","background-image":"","background-repeat":"repeat","background-position":"center center","background-size":"auto","background-attachment":"scroll","background-type":"","background-media":"","overlay-type":"","overlay-color":"","overlay-opacity":"","overlay-gradient":""},"mobile":{"background-color":"var(--ast-global-color-5)","background-image":"","background-repeat":"repeat","background-position":"center center","background-size":"auto","background-attachment":"scroll","background-type":"","background-media":"","overlay-type":"","overlay-color":"","overlay-opacity":"","overlay-gradient":""}},"footnotes":""},"class_list":["post-2736","page","type-page","status-publish","hentry"],"yoast_head":"<!-- This site is optimized with the Yoast SEO plugin v27.1.1 - https:\/\/yoast.com\/product\/yoast-seo-wordpress\/ -->\n<title>NT konsultacija - mypropertyexpert.eu<\/title>\n<meta name=\"robots\" content=\"index, follow, max-snippet:-1, max-image-preview:large, max-video-preview:-1\" \/>\n<link rel=\"canonical\" href=\"https:\/\/mypropertyexpert.eu\/en\/nt-konsultacija\/\" \/>\n<meta property=\"og:locale\" content=\"en_US\" \/>\n<meta property=\"og:type\" content=\"article\" \/>\n<meta property=\"og:title\" content=\"NT konsultacija - mypropertyexpert.eu\" \/>\n<meta property=\"og:description\" content=\"NT konsultacija Vilniuje \u2013 profesionalus patarimas prie\u0161 priimant svarbius sprendimus Nekilnojamojo turto sprendimai da\u017enai kelia daug klausim\u0173: kokia reali turto [&hellip;]\" \/>\n<meta property=\"og:url\" content=\"https:\/\/mypropertyexpert.eu\/en\/nt-konsultacija\/\" \/>\n<meta property=\"og:site_name\" content=\"mypropertyexpert.eu\" \/>\n<meta property=\"article:publisher\" content=\"https:\/\/www.facebook.com\/profile.php?id=61570630220823\" \/>\n<meta property=\"article:modified_time\" content=\"2026-03-17T13:13:45+00:00\" \/>\n<meta name=\"twitter:card\" content=\"summary_large_image\" \/>\n<meta name=\"twitter:label1\" content=\"Est. reading time\" \/>\n\t<meta name=\"twitter:data1\" content=\"1 minute\" \/>\n<script type=\"application\/ld+json\" class=\"yoast-schema-graph\">{\"@context\":\"https:\/\/schema.org\",\"@graph\":[{\"@type\":\"WebPage\",\"@id\":\"https:\/\/mypropertyexpert.eu\/nt-konsultacija\",\"url\":\"https:\/\/mypropertyexpert.eu\/nt-konsultacija\",\"name\":\"NT konsultacija - mypropertyexpert.eu\",\"isPartOf\":{\"@id\":\"https:\/\/mypropertyexpert.eu\/#website\"},\"datePublished\":\"2026-03-16T14:53:30+00:00\",\"dateModified\":\"2026-03-17T13:13:45+00:00\",\"breadcrumb\":{\"@id\":\"https:\/\/mypropertyexpert.eu\/nt-konsultacija#breadcrumb\"},\"inLanguage\":\"en-US\",\"potentialAction\":[{\"@type\":\"ReadAction\",\"target\":[\"https:\/\/mypropertyexpert.eu\/nt-konsultacija\"]}]},{\"@type\":\"BreadcrumbList\",\"@id\":\"https:\/\/mypropertyexpert.eu\/nt-konsultacija#breadcrumb\",\"itemListElement\":[{\"@type\":\"ListItem\",\"position\":1,\"name\":\"Home\",\"item\":\"https:\/\/mypropertyexpert.eu\/\"},{\"@type\":\"ListItem\",\"position\":2,\"name\":\"NT konsultacija\"}]},{\"@type\":\"WebSite\",\"@id\":\"https:\/\/mypropertyexpert.eu\/#website\",\"url\":\"https:\/\/mypropertyexpert.eu\/\",\"name\":\"mypropertyexpert.eu\",\"description\":\"\",\"publisher\":{\"@id\":\"https:\/\/mypropertyexpert.eu\/#organization\"},\"potentialAction\":[{\"@type\":\"SearchAction\",\"target\":{\"@type\":\"EntryPoint\",\"urlTemplate\":\"https:\/\/mypropertyexpert.eu\/?s={search_term_string}\"},\"query-input\":{\"@type\":\"PropertyValueSpecification\",\"valueRequired\":true,\"valueName\":\"search_term_string\"}}],\"inLanguage\":\"en-US\"},{\"@type\":\"Organization\",\"@id\":\"https:\/\/mypropertyexpert.eu\/#organization\",\"name\":\"mypropertyexpert.eu\",\"url\":\"https:\/\/mypropertyexpert.eu\/\",\"logo\":{\"@type\":\"ImageObject\",\"inLanguage\":\"en-US\",\"@id\":\"https:\/\/mypropertyexpert.eu\/#\/schema\/logo\/image\/\",\"url\":\"https:\/\/mypropertyexpert.eu\/wp-content\/uploads\/2026\/02\/Black-and-Brown-Modern-Real-Estate-Logo-2-1.png\",\"contentUrl\":\"https:\/\/mypropertyexpert.eu\/wp-content\/uploads\/2026\/02\/Black-and-Brown-Modern-Real-Estate-Logo-2-1.png\",\"width\":300,\"height\":120,\"caption\":\"mypropertyexpert.eu\"},\"image\":{\"@id\":\"https:\/\/mypropertyexpert.eu\/#\/schema\/logo\/image\/\"},\"sameAs\":[\"https:\/\/www.facebook.com\/profile.php?id=61570630220823\",\"https:\/\/www.instagram.com\/gintarent?igsh=NXQzNGw5NGxoYm93&utm_source=qr\"]}]}<\/script>\n<!-- \/ Yoast SEO plugin. -->","yoast_head_json":{"title":"NT konsultacija - mypropertyexpert.eu","robots":{"index":"index","follow":"follow","max-snippet":"max-snippet:-1","max-image-preview":"max-image-preview:large","max-video-preview":"max-video-preview:-1"},"canonical":"https:\/\/mypropertyexpert.eu\/en\/nt-konsultacija\/","og_locale":"en_US","og_type":"article","og_title":"NT konsultacija - mypropertyexpert.eu","og_description":"NT konsultacija Vilniuje \u2013 profesionalus patarimas prie\u0161 priimant svarbius sprendimus Nekilnojamojo turto sprendimai da\u017enai kelia daug klausim\u0173: kokia reali turto [&hellip;]","og_url":"https:\/\/mypropertyexpert.eu\/en\/nt-konsultacija\/","og_site_name":"mypropertyexpert.eu","article_publisher":"https:\/\/www.facebook.com\/profile.php?id=61570630220823","article_modified_time":"2026-03-17T13:13:45+00:00","twitter_card":"summary_large_image","twitter_misc":{"Est. reading time":"1 minute"},"schema":{"@context":"https:\/\/schema.org","@graph":[{"@type":"WebPage","@id":"https:\/\/mypropertyexpert.eu\/nt-konsultacija","url":"https:\/\/mypropertyexpert.eu\/nt-konsultacija","name":"NT konsultacija - mypropertyexpert.eu","isPartOf":{"@id":"https:\/\/mypropertyexpert.eu\/#website"},"datePublished":"2026-03-16T14:53:30+00:00","dateModified":"2026-03-17T13:13:45+00:00","breadcrumb":{"@id":"https:\/\/mypropertyexpert.eu\/nt-konsultacija#breadcrumb"},"inLanguage":"en-US","potentialAction":[{"@type":"ReadAction","target":["https:\/\/mypropertyexpert.eu\/nt-konsultacija"]}]},{"@type":"BreadcrumbList","@id":"https:\/\/mypropertyexpert.eu\/nt-konsultacija#breadcrumb","itemListElement":[{"@type":"ListItem","position":1,"name":"Home","item":"https:\/\/mypropertyexpert.eu\/"},{"@type":"ListItem","position":2,"name":"NT konsultacija"}]},{"@type":"WebSite","@id":"https:\/\/mypropertyexpert.eu\/#website","url":"https:\/\/mypropertyexpert.eu\/","name":"mypropertyexpert.eu","description":"","publisher":{"@id":"https:\/\/mypropertyexpert.eu\/#organization"},"potentialAction":[{"@type":"SearchAction","target":{"@type":"EntryPoint","urlTemplate":"https:\/\/mypropertyexpert.eu\/?s={search_term_string}"},"query-input":{"@type":"PropertyValueSpecification","valueRequired":true,"valueName":"search_term_string"}}],"inLanguage":"en-US"},{"@type":"Organization","@id":"https:\/\/mypropertyexpert.eu\/#organization","name":"mypropertyexpert.eu","url":"https:\/\/mypropertyexpert.eu\/","logo":{"@type":"ImageObject","inLanguage":"en-US","@id":"https:\/\/mypropertyexpert.eu\/#\/schema\/logo\/image\/","url":"https:\/\/mypropertyexpert.eu\/wp-content\/uploads\/2026\/02\/Black-and-Brown-Modern-Real-Estate-Logo-2-1.png","contentUrl":"https:\/\/mypropertyexpert.eu\/wp-content\/uploads\/2026\/02\/Black-and-Brown-Modern-Real-Estate-Logo-2-1.png","width":300,"height":120,"caption":"mypropertyexpert.eu"},"image":{"@id":"https:\/\/mypropertyexpert.eu\/#\/schema\/logo\/image\/"},"sameAs":["https:\/\/www.facebook.com\/profile.php?id=61570630220823","https:\/\/www.instagram.com\/gintarent?igsh=NXQzNGw5NGxoYm93&utm_source=qr"]}]}},"_links":{"self":[{"href":"https:\/\/mypropertyexpert.eu\/en\/wp-json\/wp\/v2\/pages\/2736","targetHints":{"allow":["GET"]}}],"collection":[{"href":"https:\/\/mypropertyexpert.eu\/en\/wp-json\/wp\/v2\/pages"}],"about":[{"href":"https:\/\/mypropertyexpert.eu\/en\/wp-json\/wp\/v2\/types\/page"}],"author":[{"embeddable":true,"href":"https:\/\/mypropertyexpert.eu\/en\/wp-json\/wp\/v2\/users\/1"}],"replies":[{"embeddable":true,"href":"https:\/\/mypropertyexpert.eu\/en\/wp-json\/wp\/v2\/comments?post=2736"}],"version-history":[{"count":19,"href":"https:\/\/mypropertyexpert.eu\/en\/wp-json\/wp\/v2\/pages\/2736\/revisions"}],"predecessor-version":[{"id":2836,"href":"https:\/\/mypropertyexpert.eu\/en\/wp-json\/wp\/v2\/pages\/2736\/revisions\/2836"}],"wp:attachment":[{"href":"https:\/\/mypropertyexpert.eu\/en\/wp-json\/wp\/v2\/media?parent=2736"}],"curies":[{"name":"wp","href":"https:\/\/api.w.org\/{rel}","templated":true}]}}