{"id":2731,"date":"2026-03-16T16:30:54","date_gmt":"2026-03-16T14:30:54","guid":{"rendered":"https:\/\/mypropertyexpert.eu\/?page_id=2731"},"modified":"2026-03-17T15:13:06","modified_gmt":"2026-03-17T13:13:06","slug":"nt-pardavimas","status":"publish","type":"page","link":"https:\/\/mypropertyexpert.eu\/en\/nt-pardavimas","title":{"rendered":"Real Estate Sales"},"content":{"rendered":"<div data-elementor-type=\"wp-page\" data-elementor-id=\"2731\" class=\"elementor elementor-2731\" data-elementor-post-type=\"page\">\n\t\t\t\t<div class=\"elementor-element elementor-element-fb6604b e-flex e-con-boxed e-con e-parent\" data-id=\"fb6604b\" data-element_type=\"container\" data-e-type=\"container\" data-settings=\"{&quot;background_background&quot;:&quot;classic&quot;}\">\n\t\t\t\t\t<div class=\"e-con-inner\">\n\t\t<div class=\"elementor-element elementor-element-2086387 e-con-full e-flex e-con e-child\" data-id=\"2086387\" data-element_type=\"container\" data-e-type=\"container\" data-settings=\"{&quot;background_background&quot;:&quot;classic&quot;}\">\n\t\t\t\t<div class=\"elementor-element elementor-element-59249f9 elementor-widget elementor-widget-heading\" data-id=\"59249f9\" data-element_type=\"widget\" data-e-type=\"widget\" data-widget_type=\"heading.default\">\n\t\t\t\t<div class=\"elementor-widget-container\">\n\t\t\t\t\t<h2 class=\"elementor-heading-title elementor-size-default\">NT pardavimas Vilniuje \u2013 strategija, padedanti pasiekti geriausi\u0105 rinkos\nkain\u0105<\/h2>\t\t\t\t<\/div>\n\t\t\t\t<\/div>\n\t\t<div class=\"elementor-element elementor-element-29938ae e-con-full e-flex e-con e-child\" data-id=\"29938ae\" data-element_type=\"container\" data-e-type=\"container\">\n\t\t\t\t<div class=\"elementor-element elementor-element-a38f3d5 elementor-widget elementor-widget-text-editor\" data-id=\"a38f3d5\" data-element_type=\"widget\" data-e-type=\"widget\" data-widget_type=\"text-editor.default\">\n\t\t\t\t<div class=\"elementor-widget-container\">\n\t\t\t\t\t\t\t\t\t<p>Parduoti b\u016bst\u0105 \u0161iandien rei\u0161kia daugiau nei \u012fd\u0117ti skelbim\u0105 \u012f portalus. S\u0117kming\u0105 rezultat\u0105 lemia teisinga kainodara, profesionalus objekto pristatymas ir apgalvota pardavimo strategija.<br \/><br \/>Padedu klientams Vilniuje skland\u017eiai ir efektyviai parduoti nekilnojam\u0105j\u012f turt\u0105 \u2013 nuo pirmos konsultacijos iki sandorio u\u017ebaigimo.<br \/><br \/>Svarstote apie b\u016bsto pardavim\u0105? Pasikalb\u0117kime apie j\u016bs\u0173 situacij\u0105 ir galim\u0105 pardavimo strategij\u0105.<\/p>\t\t\t\t\t\t\t\t<\/div>\n\t\t\t\t<\/div>\n\t\t\t\t<div class=\"elementor-element elementor-element-f4b5c2d elementor-widget elementor-widget-button\" data-id=\"f4b5c2d\" data-element_type=\"widget\" data-e-type=\"widget\" data-widget_type=\"button.default\">\n\t\t\t\t<div class=\"elementor-widget-container\">\n\t\t\t\t\t\t\t\t\t<div class=\"elementor-button-wrapper\">\n\t\t\t\t\t<a class=\"elementor-button elementor-button-link elementor-size-sm\" href=\"#\" id=\"nemokama-konsultacija\">\n\t\t\t\t\t\t<span class=\"elementor-button-content-wrapper\">\n\t\t\t\t\t\t\t\t\t<span class=\"elementor-button-text\">Rezervuoti konsultacij\u0105<\/span>\n\t\t\t\t\t<\/span>\n\t\t\t\t\t<\/a>\n\t\t\t\t<\/div>\n\t\t\t\t\t\t\t\t<\/div>\n\t\t\t\t<\/div>\n\t\t<div class=\"elementor-element elementor-element-198a23d e-con-full e-flex e-con e-child\" data-id=\"198a23d\" data-element_type=\"container\" data-e-type=\"container\">\n\t\t\t\t<div class=\"elementor-element elementor-element-efbd4ad elementor-widget elementor-widget-heading\" data-id=\"efbd4ad\" data-element_type=\"widget\" data-e-type=\"widget\" data-widget_type=\"heading.default\">\n\t\t\t\t<div class=\"elementor-widget-container\">\n\t\t\t\t\t<h2 class=\"elementor-heading-title elementor-size-default\">Kod\u0117l svarbi pardavimo strategija<\/h2>\t\t\t\t<\/div>\n\t\t\t\t<\/div>\n\t\t<div class=\"elementor-element elementor-element-f58a7f0 e-con-full e-flex e-con e-child\" data-id=\"f58a7f0\" data-element_type=\"container\" data-e-type=\"container\">\n\t\t\t\t<div class=\"elementor-element elementor-element-4d4bb13 elementor-widget elementor-widget-text-editor\" data-id=\"4d4bb13\" data-element_type=\"widget\" data-e-type=\"widget\" data-widget_type=\"text-editor.default\">\n\t\t\t\t<div class=\"elementor-widget-container\">\n\t\t\t\t\t\t\t\t\t<p>Daugelis pardav\u0117j\u0173 mano, kad pakanka paskelbti skelbim\u0105 ir laukti pirk\u0117jo. Ta\u010diau nekilnojamojo turto rinka veikia kitaip.<br \/><br \/>Teisingai organizuotas pardavimo procesas leid\u017eia:<br \/>\u2022 nustatyti reali\u0105 rinkos kain\u0105<br \/>\u2022 pritraukti daugiau potenciali\u0173 pirk\u0117j\u0173<br \/>\u2022 i\u0161vengti ilgo pardavimo proceso<br \/>\u2022 sukurti konkurencij\u0105 tarp pirk\u0117j\u0173<br \/><br \/>Per didel\u0117 kaina da\u017enai lemia, kad objektas ilgai lieka rinkoje, o v\u0117liau j\u012f tenka parduoti pigiau nei buvo galima i\u0161 prad\u017ei\u0173. Tinkama strategija padeda to i\u0161vengti.<\/p>\t\t\t\t\t\t\t\t<\/div>\n\t\t\t\t<\/div>\n\t\t<div class=\"elementor-element elementor-element-5e4dd1d e-con-full e-flex e-con e-child\" data-id=\"5e4dd1d\" data-element_type=\"container\" data-e-type=\"container\">\n\t\t\t\t<div class=\"elementor-element elementor-element-7f0c84f elementor-widget elementor-widget-heading\" data-id=\"7f0c84f\" data-element_type=\"widget\" data-e-type=\"widget\" data-widget_type=\"heading.default\">\n\t\t\t\t<div class=\"elementor-widget-container\">\n\t\t\t\t\t<h2 class=\"elementor-heading-title elementor-size-default\">Kaip vyksta nekilnojamojo turto pardavimas<\/h2>\t\t\t\t<\/div>\n\t\t\t\t<\/div>\n\t\t<div class=\"elementor-element elementor-element-371b396 e-con-full e-flex e-con e-child\" data-id=\"371b396\" data-element_type=\"container\" data-e-type=\"container\">\n\t\t\t\t<div class=\"elementor-element elementor-element-765897c elementor-widget elementor-widget-text-editor\" data-id=\"765897c\" data-element_type=\"widget\" data-e-type=\"widget\" data-widget_type=\"text-editor.default\">\n\t\t\t\t<div class=\"elementor-widget-container\">\n\t\t\t\t\t\t\t\t\t<p>Kiekvienas objektas ir situacija yra skirtingi, ta\u010diau pardavimo procesas paprastai apima \u0161iuos etapus.<br \/><br \/>1. Turto analiz\u0117 ir rinkos \u012fvertinimas<br \/>Atliekama nekilnojamojo turto analiz\u0117 remiantis Registr\u0173 centro duomenimis, pana\u0161i\u0173<br \/>objekt\u0173 pardavimais ir esama konkurencija rinkoje.<br \/><br \/>2. Kainodaros strategija<br \/>Nustatoma optimali pardavimo kaina, kuri pritraukt\u0173 pirk\u0117j\u0173 d\u0117mes\u012f ir pad\u0117t\u0173 pasiekti<br \/>geriausi\u0105 rezultat\u0105.<br \/><br \/>3. Objekto paruo\u0161imas pristatymui<br \/>Paruo\u0161iamos kokybi\u0161kos nuotraukos, apra\u0161ymas ir visa informacija, reikalinga<br \/>potencialiems pirk\u0117jams.<br \/><br \/>4. Marketingas ir objekto vie\u0161inimas<br \/>Objektas pristatomas nekilnojamojo turto portaluose ir brokeri\u0173 tinkle, taip pat papildomai<br \/>reklamuojamas socialiniuose tinkluose.<br \/><br \/>5. Ap\u017ei\u016bros ir derybos<br \/>Organizuojamos ap\u017ei\u016bros, atsakoma \u012f pirk\u0117j\u0173 klausimus ir vedamos derybos siekiant<br \/>palankiausi\u0173 pardavimo s\u0105lyg\u0173 pardav\u0117jui.<br \/><br \/>6. Sandorio u\u017ebaigimas<br \/>Padedama pasiruo\u0161ti sandoriui, sutvarkyti dokumentus ir u\u017etikrinti skland\u0173 proces\u0105 iki pat<br \/>notar\u0173.<\/p>\t\t\t\t\t\t\t\t<\/div>\n\t\t\t\t<\/div>\n\t\t<div class=\"elementor-element elementor-element-bc0b1cc e-con-full e-flex e-con e-child\" data-id=\"bc0b1cc\" data-element_type=\"container\" data-e-type=\"container\">\n\t\t\t\t<div class=\"elementor-element elementor-element-64c1084 elementor-widget elementor-widget-heading\" data-id=\"64c1084\" data-element_type=\"widget\" data-e-type=\"widget\" data-widget_type=\"heading.default\">\n\t\t\t\t<div class=\"elementor-widget-container\">\n\t\t\t\t\t<h2 class=\"elementor-heading-title elementor-size-default\">Kada verta pasitarti su NT brokeriu<\/h2>\t\t\t\t<\/div>\n\t\t\t\t<\/div>\n\t\t<div class=\"elementor-element elementor-element-c6df965 e-con-full e-flex e-con e-child\" data-id=\"c6df965\" data-element_type=\"container\" data-e-type=\"container\">\n\t\t\t\t<div class=\"elementor-element elementor-element-ec302b4 elementor-widget elementor-widget-text-editor\" data-id=\"ec302b4\" data-element_type=\"widget\" data-e-type=\"widget\" data-widget_type=\"text-editor.default\">\n\t\t\t\t<div class=\"elementor-widget-container\">\n\t\t\t\t\t\t\t\t\t<p>Konsultacija gali b\u016bti naudinga, jei:<br \/>\u2022 planuojate parduoti but\u0105 ar nam\u0105 Vilniuje<br \/>\u2022 abejojate d\u0117l realios turto rinkos kainos<br \/>\u2022 objektas jau kur\u012f laik\u0105 neparduodamas<br \/>\u2022 norite suprasti dabartin\u0119 rinkos situacij\u0105<br \/><br \/>Kartais net trumpa konsultacija padeda i\u0161vengti klaid\u0173, kurios gali kainuoti daug laiko ir pinig\u0173.<\/p>\t\t\t\t\t\t\t\t<\/div>\n\t\t\t\t<\/div>\n\t\t\t\t<div class=\"elementor-element elementor-element-69972a2 elementor-widget elementor-widget-button\" data-id=\"69972a2\" data-element_type=\"widget\" data-e-type=\"widget\" data-widget_type=\"button.default\">\n\t\t\t\t<div class=\"elementor-widget-container\">\n\t\t\t\t\t\t\t\t\t<div class=\"elementor-button-wrapper\">\n\t\t\t\t\t<a class=\"elementor-button elementor-button-link elementor-size-sm\" href=\"#\" id=\"nemokama-konsultacija\">\n\t\t\t\t\t\t<span class=\"elementor-button-content-wrapper\">\n\t\t\t\t\t\t\t\t\t<span class=\"elementor-button-text\">Rezervuoti konsultacij\u0105<\/span>\n\t\t\t\t\t<\/span>\n\t\t\t\t\t<\/a>\n\t\t\t\t<\/div>\n\t\t\t\t\t\t\t\t<\/div>\n\t\t\t\t<\/div>\n\t\t<div class=\"elementor-element elementor-element-48d9e42 e-con-full e-flex e-con e-child\" data-id=\"48d9e42\" data-element_type=\"container\" data-e-type=\"container\">\n\t\t\t\t<div class=\"elementor-element elementor-element-ba10bdc elementor-widget elementor-widget-heading\" data-id=\"ba10bdc\" data-element_type=\"widget\" data-e-type=\"widget\" data-widget_type=\"heading.default\">\n\t\t\t\t<div class=\"elementor-widget-container\">\n\t\t\t\t\t<h2 class=\"elementor-heading-title elementor-size-default\">Da\u017eniausi pardav\u0117j\u0173 klausimai<\/h2>\t\t\t\t<\/div>\n\t\t\t\t<\/div>\n\t\t<div class=\"elementor-element elementor-element-6009af4 e-con-full e-flex e-con e-child\" data-id=\"6009af4\" data-element_type=\"container\" data-e-type=\"container\">\n\t\t\t\t<div class=\"elementor-element elementor-element-6ba1969 elementor-widget elementor-widget-text-editor\" data-id=\"6ba1969\" data-element_type=\"widget\" data-e-type=\"widget\" data-widget_type=\"text-editor.default\">\n\t\t\t\t<div class=\"elementor-widget-container\">\n\t\t\t\t\t\t\t\t\t<p>Kiek laiko paprastai trunka b\u016bsto pardavimas?<br \/>Pardavimo trukm\u0117 priklauso nuo objekto tipo, kainos ir rinkos situacijos. Tinkamai nustatyta kaina da\u017eniausiai leid\u017eia rasti pirk\u0117j\u0105 per kelias savaites ar m\u0117nesius.<br \/><br \/>Ar galima parduoti b\u016bst\u0105 brangiau nei rinkos kaina?<br \/>Kartais tai \u012fmanoma, jei atsiranda keli susidom\u0117j\u0119 pirk\u0117jai ir susiformuoja konkurencija. Ta\u010diau svarbiausia prad\u0117ti nuo realios rinkos kainos.<br \/><br \/>Ar verta prad\u0117ti pardavim\u0105 savaranki\u0161kai?<br \/>Kai kurie savininkai pirmiausia bando parduoti patys. Ta\u010diau da\u017enai profesionali strategija leid\u017eia parduoti grei\u010diau ir u\u017e geresn\u0119 kain\u0105.<\/p>\t\t\t\t\t\t\t\t<\/div>\n\t\t\t\t<\/div>\n\t\t<div class=\"elementor-element elementor-element-c7cfb62 e-con-full e-flex e-con e-child\" data-id=\"c7cfb62\" data-element_type=\"container\" data-e-type=\"container\" data-settings=\"{&quot;background_background&quot;:&quot;classic&quot;}\">\n\t\t\t\t<div class=\"elementor-element elementor-element-a225245 elementor-widget elementor-widget-heading\" data-id=\"a225245\" data-element_type=\"widget\" data-e-type=\"widget\" data-widget_type=\"heading.default\">\n\t\t\t\t<div class=\"elementor-widget-container\">\n\t\t\t\t\t<h2 class=\"elementor-heading-title elementor-size-default\">Svarstote apie b\u016bsto pardavim\u0105?<\/h2>\t\t\t\t<\/div>\n\t\t\t\t<\/div>\n\t\t<div class=\"elementor-element elementor-element-be3ef88 e-con-full e-flex e-con e-child\" data-id=\"be3ef88\" data-element_type=\"container\" data-e-type=\"container\">\n\t\t\t\t<div class=\"elementor-element elementor-element-e6a63f8 elementor-widget elementor-widget-text-editor\" data-id=\"e6a63f8\" data-element_type=\"widget\" data-e-type=\"widget\" data-widget_type=\"text-editor.default\">\n\t\t\t\t<div class=\"elementor-widget-container\">\n\t\t\t\t\t\t\t\t\t<p>Jei planuojate parduoti nekilnojam\u0105j\u012f turt\u0105 Vilniuje ir norite suprasti reali\u0105 rinkos situacij\u0105, susisiekite d\u0117l konsultacijos.<br \/><br \/>Kartu aptarsime j\u016bs\u0173 situacij\u0105, galim\u0105 pardavimo strategij\u0105 ir kitus svarbius \u017eingsnius.<\/p>\t\t\t\t\t\t\t\t<\/div>\n\t\t\t\t<\/div>\n\t\t\t\t<div class=\"elementor-element elementor-element-fa29067 elementor-widget elementor-widget-button\" data-id=\"fa29067\" data-element_type=\"widget\" data-e-type=\"widget\" data-widget_type=\"button.default\">\n\t\t\t\t<div class=\"elementor-widget-container\">\n\t\t\t\t\t\t\t\t\t<div class=\"elementor-button-wrapper\">\n\t\t\t\t\t<a class=\"elementor-button elementor-button-link elementor-size-sm\" href=\"#\" id=\"nemokama-konsultacija\">\n\t\t\t\t\t\t<span class=\"elementor-button-content-wrapper\">\n\t\t\t\t\t\t\t\t\t<span class=\"elementor-button-text\">Rezervuoti konsultacij\u0105<\/span>\n\t\t\t\t\t<\/span>\n\t\t\t\t\t<\/a>\n\t\t\t\t<\/div>\n\t\t\t\t\t\t\t\t<\/div>\n\t\t\t\t<\/div>\n\t\t\t\t<\/div>\n\t\t\t\t<\/div>\n\t\t\t\t<\/div>\n\t\t\t\t<\/div>\n\t\t\t\t<\/div>\n\t\t\t\t<\/div>\n\t\t\t\t<\/div>\n\t\t\t\t<\/div>\n\t\t\t\t<\/div>\n\t\t\t\t<\/div>\n\t\t\t\t<\/div>\n\t\t\t\t<\/div>\n\t\t\t\t\t<\/div>\n\t\t\t\t<\/div>\n\t\t\t\t<\/div>","protected":false},"excerpt":{"rendered":"<p>NT pardavimas Vilniuje \u2013 strategija, padedanti pasiekti geriausi\u0105 rinkos kain\u0105 Parduoti b\u016bst\u0105 \u0161iandien rei\u0161kia daugiau nei \u012fd\u0117ti skelbim\u0105 \u012f portalus. [&hellip;]<\/p>\n","protected":false},"author":1,"featured_media":0,"parent":0,"menu_order":0,"comment_status":"closed","ping_status":"closed","template":"","meta":{"site-sidebar-layout":"no-sidebar","site-content-layout":"page-builder","ast-site-content-layout":"full-width-container","site-content-style":"default","site-sidebar-style":"default","ast-global-header-display":"","ast-banner-title-visibility":"","ast-main-header-display":"","ast-hfb-above-header-display":"","ast-hfb-below-header-display":"","ast-hfb-mobile-header-display":"","site-post-title":"disabled","ast-breadcrumbs-content":"","ast-featured-img":"disabled","footer-sml-layout":"","ast-disable-related-posts":"","theme-transparent-header-meta":"","adv-header-id-meta":"","stick-header-meta":"","header-above-stick-meta":"","header-main-stick-meta":"","header-below-stick-meta":"","astra-migrate-meta-layouts":"default","ast-page-background-enabled":"default","ast-page-background-meta":{"desktop":{"background-color":"","background-image":"","background-repeat":"repeat","background-position":"center center","background-size":"auto","background-attachment":"scroll","background-type":"","background-media":"","overlay-type":"","overlay-color":"","overlay-opacity":"","overlay-gradient":""},"tablet":{"background-color":"","background-image":"","background-repeat":"repeat","background-position":"center center","background-size":"auto","background-attachment":"scroll","background-type":"","background-media":"","overlay-type":"","overlay-color":"","overlay-opacity":"","overlay-gradient":""},"mobile":{"background-color":"","background-image":"","background-repeat":"repeat","background-position":"center center","background-size":"auto","background-attachment":"scroll","background-type":"","background-media":"","overlay-type":"","overlay-color":"","overlay-opacity":"","overlay-gradient":""}},"ast-content-background-meta":{"desktop":{"background-color":"var(--ast-global-color-5)","background-image":"","background-repeat":"repeat","background-position":"center center","background-size":"auto","background-attachment":"scroll","background-type":"","background-media":"","overlay-type":"","overlay-color":"","overlay-opacity":"","overlay-gradient":""},"tablet":{"background-color":"var(--ast-global-color-5)","background-image":"","background-repeat":"repeat","background-position":"center center","background-size":"auto","background-attachment":"scroll","background-type":"","background-media":"","overlay-type":"","overlay-color":"","overlay-opacity":"","overlay-gradient":""},"mobile":{"background-color":"var(--ast-global-color-5)","background-image":"","background-repeat":"repeat","background-position":"center center","background-size":"auto","background-attachment":"scroll","background-type":"","background-media":"","overlay-type":"","overlay-color":"","overlay-opacity":"","overlay-gradient":""}},"footnotes":""},"class_list":["post-2731","page","type-page","status-publish","hentry"],"yoast_head":"<!-- This site is optimized with the Yoast SEO plugin v27.1.1 - https:\/\/yoast.com\/product\/yoast-seo-wordpress\/ -->\n<title>NT pardavimas - mypropertyexpert.eu<\/title>\n<meta name=\"robots\" content=\"index, follow, max-snippet:-1, max-image-preview:large, max-video-preview:-1\" \/>\n<link rel=\"canonical\" href=\"https:\/\/mypropertyexpert.eu\/en\/nt-pardavimas\/\" \/>\n<meta property=\"og:locale\" content=\"en_US\" \/>\n<meta property=\"og:type\" content=\"article\" \/>\n<meta property=\"og:title\" content=\"NT pardavimas - mypropertyexpert.eu\" \/>\n<meta property=\"og:description\" content=\"NT pardavimas Vilniuje \u2013 strategija, padedanti pasiekti geriausi\u0105 rinkos kain\u0105 Parduoti b\u016bst\u0105 \u0161iandien rei\u0161kia daugiau nei \u012fd\u0117ti skelbim\u0105 \u012f portalus. [&hellip;]\" \/>\n<meta property=\"og:url\" content=\"https:\/\/mypropertyexpert.eu\/en\/nt-pardavimas\/\" \/>\n<meta property=\"og:site_name\" content=\"mypropertyexpert.eu\" \/>\n<meta property=\"article:publisher\" content=\"https:\/\/www.facebook.com\/profile.php?id=61570630220823\" \/>\n<meta property=\"article:modified_time\" content=\"2026-03-17T13:13:06+00:00\" \/>\n<meta name=\"twitter:card\" content=\"summary_large_image\" \/>\n<meta name=\"twitter:label1\" content=\"Est. reading time\" \/>\n\t<meta name=\"twitter:data1\" content=\"2 minutes\" \/>\n<script type=\"application\/ld+json\" class=\"yoast-schema-graph\">{\"@context\":\"https:\/\/schema.org\",\"@graph\":[{\"@type\":\"WebPage\",\"@id\":\"https:\/\/mypropertyexpert.eu\/nt-pardavimas\",\"url\":\"https:\/\/mypropertyexpert.eu\/nt-pardavimas\",\"name\":\"NT pardavimas - mypropertyexpert.eu\",\"isPartOf\":{\"@id\":\"https:\/\/mypropertyexpert.eu\/#website\"},\"datePublished\":\"2026-03-16T14:30:54+00:00\",\"dateModified\":\"2026-03-17T13:13:06+00:00\",\"breadcrumb\":{\"@id\":\"https:\/\/mypropertyexpert.eu\/nt-pardavimas#breadcrumb\"},\"inLanguage\":\"en-US\",\"potentialAction\":[{\"@type\":\"ReadAction\",\"target\":[\"https:\/\/mypropertyexpert.eu\/nt-pardavimas\"]}]},{\"@type\":\"BreadcrumbList\",\"@id\":\"https:\/\/mypropertyexpert.eu\/nt-pardavimas#breadcrumb\",\"itemListElement\":[{\"@type\":\"ListItem\",\"position\":1,\"name\":\"Home\",\"item\":\"https:\/\/mypropertyexpert.eu\/\"},{\"@type\":\"ListItem\",\"position\":2,\"name\":\"NT pardavimas\"}]},{\"@type\":\"WebSite\",\"@id\":\"https:\/\/mypropertyexpert.eu\/#website\",\"url\":\"https:\/\/mypropertyexpert.eu\/\",\"name\":\"mypropertyexpert.eu\",\"description\":\"\",\"publisher\":{\"@id\":\"https:\/\/mypropertyexpert.eu\/#organization\"},\"potentialAction\":[{\"@type\":\"SearchAction\",\"target\":{\"@type\":\"EntryPoint\",\"urlTemplate\":\"https:\/\/mypropertyexpert.eu\/?s={search_term_string}\"},\"query-input\":{\"@type\":\"PropertyValueSpecification\",\"valueRequired\":true,\"valueName\":\"search_term_string\"}}],\"inLanguage\":\"en-US\"},{\"@type\":\"Organization\",\"@id\":\"https:\/\/mypropertyexpert.eu\/#organization\",\"name\":\"mypropertyexpert.eu\",\"url\":\"https:\/\/mypropertyexpert.eu\/\",\"logo\":{\"@type\":\"ImageObject\",\"inLanguage\":\"en-US\",\"@id\":\"https:\/\/mypropertyexpert.eu\/#\/schema\/logo\/image\/\",\"url\":\"https:\/\/mypropertyexpert.eu\/wp-content\/uploads\/2026\/02\/Black-and-Brown-Modern-Real-Estate-Logo-2-1.png\",\"contentUrl\":\"https:\/\/mypropertyexpert.eu\/wp-content\/uploads\/2026\/02\/Black-and-Brown-Modern-Real-Estate-Logo-2-1.png\",\"width\":300,\"height\":120,\"caption\":\"mypropertyexpert.eu\"},\"image\":{\"@id\":\"https:\/\/mypropertyexpert.eu\/#\/schema\/logo\/image\/\"},\"sameAs\":[\"https:\/\/www.facebook.com\/profile.php?id=61570630220823\",\"https:\/\/www.instagram.com\/gintarent?igsh=NXQzNGw5NGxoYm93&utm_source=qr\"]}]}<\/script>\n<!-- \/ Yoast SEO plugin. -->","yoast_head_json":{"title":"NT pardavimas - mypropertyexpert.eu","robots":{"index":"index","follow":"follow","max-snippet":"max-snippet:-1","max-image-preview":"max-image-preview:large","max-video-preview":"max-video-preview:-1"},"canonical":"https:\/\/mypropertyexpert.eu\/en\/nt-pardavimas\/","og_locale":"en_US","og_type":"article","og_title":"NT pardavimas - mypropertyexpert.eu","og_description":"NT pardavimas Vilniuje \u2013 strategija, padedanti pasiekti geriausi\u0105 rinkos kain\u0105 Parduoti b\u016bst\u0105 \u0161iandien rei\u0161kia daugiau nei \u012fd\u0117ti skelbim\u0105 \u012f portalus. [&hellip;]","og_url":"https:\/\/mypropertyexpert.eu\/en\/nt-pardavimas\/","og_site_name":"mypropertyexpert.eu","article_publisher":"https:\/\/www.facebook.com\/profile.php?id=61570630220823","article_modified_time":"2026-03-17T13:13:06+00:00","twitter_card":"summary_large_image","twitter_misc":{"Est. reading time":"2 minutes"},"schema":{"@context":"https:\/\/schema.org","@graph":[{"@type":"WebPage","@id":"https:\/\/mypropertyexpert.eu\/nt-pardavimas","url":"https:\/\/mypropertyexpert.eu\/nt-pardavimas","name":"NT pardavimas - mypropertyexpert.eu","isPartOf":{"@id":"https:\/\/mypropertyexpert.eu\/#website"},"datePublished":"2026-03-16T14:30:54+00:00","dateModified":"2026-03-17T13:13:06+00:00","breadcrumb":{"@id":"https:\/\/mypropertyexpert.eu\/nt-pardavimas#breadcrumb"},"inLanguage":"en-US","potentialAction":[{"@type":"ReadAction","target":["https:\/\/mypropertyexpert.eu\/nt-pardavimas"]}]},{"@type":"BreadcrumbList","@id":"https:\/\/mypropertyexpert.eu\/nt-pardavimas#breadcrumb","itemListElement":[{"@type":"ListItem","position":1,"name":"Home","item":"https:\/\/mypropertyexpert.eu\/"},{"@type":"ListItem","position":2,"name":"NT pardavimas"}]},{"@type":"WebSite","@id":"https:\/\/mypropertyexpert.eu\/#website","url":"https:\/\/mypropertyexpert.eu\/","name":"mypropertyexpert.eu","description":"","publisher":{"@id":"https:\/\/mypropertyexpert.eu\/#organization"},"potentialAction":[{"@type":"SearchAction","target":{"@type":"EntryPoint","urlTemplate":"https:\/\/mypropertyexpert.eu\/?s={search_term_string}"},"query-input":{"@type":"PropertyValueSpecification","valueRequired":true,"valueName":"search_term_string"}}],"inLanguage":"en-US"},{"@type":"Organization","@id":"https:\/\/mypropertyexpert.eu\/#organization","name":"mypropertyexpert.eu","url":"https:\/\/mypropertyexpert.eu\/","logo":{"@type":"ImageObject","inLanguage":"en-US","@id":"https:\/\/mypropertyexpert.eu\/#\/schema\/logo\/image\/","url":"https:\/\/mypropertyexpert.eu\/wp-content\/uploads\/2026\/02\/Black-and-Brown-Modern-Real-Estate-Logo-2-1.png","contentUrl":"https:\/\/mypropertyexpert.eu\/wp-content\/uploads\/2026\/02\/Black-and-Brown-Modern-Real-Estate-Logo-2-1.png","width":300,"height":120,"caption":"mypropertyexpert.eu"},"image":{"@id":"https:\/\/mypropertyexpert.eu\/#\/schema\/logo\/image\/"},"sameAs":["https:\/\/www.facebook.com\/profile.php?id=61570630220823","https:\/\/www.instagram.com\/gintarent?igsh=NXQzNGw5NGxoYm93&utm_source=qr"]}]}},"_links":{"self":[{"href":"https:\/\/mypropertyexpert.eu\/en\/wp-json\/wp\/v2\/pages\/2731","targetHints":{"allow":["GET"]}}],"collection":[{"href":"https:\/\/mypropertyexpert.eu\/en\/wp-json\/wp\/v2\/pages"}],"about":[{"href":"https:\/\/mypropertyexpert.eu\/en\/wp-json\/wp\/v2\/types\/page"}],"author":[{"embeddable":true,"href":"https:\/\/mypropertyexpert.eu\/en\/wp-json\/wp\/v2\/users\/1"}],"replies":[{"embeddable":true,"href":"https:\/\/mypropertyexpert.eu\/en\/wp-json\/wp\/v2\/comments?post=2731"}],"version-history":[{"count":31,"href":"https:\/\/mypropertyexpert.eu\/en\/wp-json\/wp\/v2\/pages\/2731\/revisions"}],"predecessor-version":[{"id":2830,"href":"https:\/\/mypropertyexpert.eu\/en\/wp-json\/wp\/v2\/pages\/2731\/revisions\/2830"}],"wp:attachment":[{"href":"https:\/\/mypropertyexpert.eu\/en\/wp-json\/wp\/v2\/media?parent=2731"}],"curies":[{"name":"wp","href":"https:\/\/api.w.org\/{rel}","templated":true}]}}