{"id":2726,"date":"2026-03-16T16:25:46","date_gmt":"2026-03-16T14:25:46","guid":{"rendered":"https:\/\/mypropertyexpert.eu\/?page_id=2726"},"modified":"2026-03-17T15:13:25","modified_gmt":"2026-03-17T13:13:25","slug":"nt-nuoma","status":"publish","type":"page","link":"https:\/\/mypropertyexpert.eu\/en\/nt-nuoma","title":{"rendered":"Property Rental"},"content":{"rendered":"<div data-elementor-type=\"wp-page\" data-elementor-id=\"2726\" class=\"elementor elementor-2726\" data-elementor-post-type=\"page\">\n\t\t\t\t<div class=\"elementor-element elementor-element-9f356e6 e-flex e-con-boxed e-con e-parent\" data-id=\"9f356e6\" data-element_type=\"container\" data-e-type=\"container\" data-settings=\"{&quot;background_background&quot;:&quot;classic&quot;}\">\n\t\t\t\t\t<div class=\"e-con-inner\">\n\t\t<div class=\"elementor-element elementor-element-c1d210b e-con-full e-flex e-con e-child\" data-id=\"c1d210b\" data-element_type=\"container\" data-e-type=\"container\">\n\t\t\t\t<div class=\"elementor-element elementor-element-3f3c915 elementor-widget elementor-widget-heading\" data-id=\"3f3c915\" data-element_type=\"widget\" data-e-type=\"widget\" data-widget_type=\"heading.default\">\n\t\t\t\t<div class=\"elementor-widget-container\">\n\t\t\t\t\t<h2 class=\"elementor-heading-title elementor-size-default\">NT nuoma Vilniuje \u2013 pagalba greitai ir saugiai i\u0161nuomojant b\u016bst\u0105<\/h2>\t\t\t\t<\/div>\n\t\t\t\t<\/div>\n\t\t<div class=\"elementor-element elementor-element-ba5ad42 e-con-full e-flex e-con e-child\" data-id=\"ba5ad42\" data-element_type=\"container\" data-e-type=\"container\">\n\t\t\t\t<div class=\"elementor-element elementor-element-9b70f4b elementor-widget elementor-widget-text-editor\" data-id=\"9b70f4b\" data-element_type=\"widget\" data-e-type=\"widget\" data-widget_type=\"text-editor.default\">\n\t\t\t\t<div class=\"elementor-widget-container\">\n\t\t\t\t\t\t\t\t\t<p>Nuomojant nekilnojam\u0105j\u012f turt\u0105 svarbu rasti patikimus nuomininkus ir u\u017etikrinti skland\u0173 nuomos proces\u0105.<br \/><br \/>Padedu klientams Vilniuje paruo\u0161ti turt\u0105 nuomai, rasti tinkamus nuomininkus ir pasir\u016bpinti visais svarbiais nuomos aspektais.<br \/><br \/>Svarstote apie b\u016bsto nuom\u0105?<\/p>\t\t\t\t\t\t\t\t<\/div>\n\t\t\t\t<\/div>\n\t\t\t\t<div class=\"elementor-element elementor-element-c2ac8d1 elementor-widget elementor-widget-button\" data-id=\"c2ac8d1\" data-element_type=\"widget\" data-e-type=\"widget\" data-widget_type=\"button.default\">\n\t\t\t\t<div class=\"elementor-widget-container\">\n\t\t\t\t\t\t\t\t\t<div class=\"elementor-button-wrapper\">\n\t\t\t\t\t<a class=\"elementor-button elementor-button-link elementor-size-sm\" href=\"#\" id=\"nemokama-konsultacija\">\n\t\t\t\t\t\t<span class=\"elementor-button-content-wrapper\">\n\t\t\t\t\t\t\t\t\t<span class=\"elementor-button-text\">Rezervuoti konsultacij\u0105<\/span>\n\t\t\t\t\t<\/span>\n\t\t\t\t\t<\/a>\n\t\t\t\t<\/div>\n\t\t\t\t\t\t\t\t<\/div>\n\t\t\t\t<\/div>\n\t\t<div class=\"elementor-element elementor-element-c7a6de9 e-con-full e-flex e-con e-child\" data-id=\"c7a6de9\" data-element_type=\"container\" data-e-type=\"container\">\n\t\t\t\t<div class=\"elementor-element elementor-element-87e71f1 elementor-widget elementor-widget-heading\" data-id=\"87e71f1\" data-element_type=\"widget\" data-e-type=\"widget\" data-widget_type=\"heading.default\">\n\t\t\t\t<div class=\"elementor-widget-container\">\n\t\t\t\t\t<h2 class=\"elementor-heading-title elementor-size-default\">Kaip vyksta nuomos procesas<\/h2>\t\t\t\t<\/div>\n\t\t\t\t<\/div>\n\t\t<div class=\"elementor-element elementor-element-28e914d e-con-full e-flex e-con e-child\" data-id=\"28e914d\" data-element_type=\"container\" data-e-type=\"container\">\n\t\t\t\t<div class=\"elementor-element elementor-element-59b824b elementor-widget elementor-widget-text-editor\" data-id=\"59b824b\" data-element_type=\"widget\" data-e-type=\"widget\" data-widget_type=\"text-editor.default\">\n\t\t\t\t<div class=\"elementor-widget-container\">\n\t\t\t\t\t\t\t\t\t<p>1. Turto \u012fvertinimas<br \/>\u012evertinama nuomos rinkos situacija ir nustatoma optimali nuomos kaina.<br \/><br \/>2. Objekto paruo\u0161imas pristatymui<br \/>Paruo\u0161iamos nuotraukos, apra\u0161ymas ir visa reikalinga informacija.<br \/><br \/>3. Skelbim\u0173 publikavimas<br \/>Objektas pristatomas pagrindiniuose nekilnojamojo turto portaluose.<br \/><br \/>4. Ap\u017ei\u016bros ir nuominink\u0173 atranka<br \/>Organizuojamos ap\u017ei\u016bros ir atrenkami tinkami nuomininkai.<br \/><br \/>5. Nuomos sutarties sudarymas<br \/>Padedama paruo\u0161ti nuomos sutart\u012f ir suderinti svarbiausias s\u0105lygas.<\/p>\t\t\t\t\t\t\t\t<\/div>\n\t\t\t\t<\/div>\n\t\t<div class=\"elementor-element elementor-element-95ff7db e-con-full e-flex e-con e-child\" data-id=\"95ff7db\" data-element_type=\"container\" data-e-type=\"container\">\n\t\t\t\t<div class=\"elementor-element elementor-element-4545bc2 elementor-widget elementor-widget-heading\" data-id=\"4545bc2\" data-element_type=\"widget\" data-e-type=\"widget\" data-widget_type=\"heading.default\">\n\t\t\t\t<div class=\"elementor-widget-container\">\n\t\t\t\t\t<h2 class=\"elementor-heading-title elementor-size-default\">Kada verta kreiptis d\u0117l pagalbos<\/h2>\t\t\t\t<\/div>\n\t\t\t\t<\/div>\n\t\t<div class=\"elementor-element elementor-element-4a70e06 e-con-full e-flex e-con e-child\" data-id=\"4a70e06\" data-element_type=\"container\" data-e-type=\"container\">\n\t\t\t\t<div class=\"elementor-element elementor-element-55fd046 elementor-widget elementor-widget-text-editor\" data-id=\"55fd046\" data-element_type=\"widget\" data-e-type=\"widget\" data-widget_type=\"text-editor.default\">\n\t\t\t\t<div class=\"elementor-widget-container\">\n\t\t\t\t\t\t\t\t\t<p>Pagalba nuomojant b\u016bst\u0105 gali b\u016bti naudinga, jei:<br \/>\u2022 norite grei\u010diau rasti patikimus nuomininkus<br \/>\u2022 neturite laiko organizuoti ap\u017ei\u016br\u0173<br \/>\u2022 norite profesionalios pagalbos sudarant sutart\u012f<\/p>\t\t\t\t\t\t\t\t<\/div>\n\t\t\t\t<\/div>\n\t\t\t\t<div class=\"elementor-element elementor-element-b231147 elementor-widget elementor-widget-button\" data-id=\"b231147\" data-element_type=\"widget\" data-e-type=\"widget\" data-widget_type=\"button.default\">\n\t\t\t\t<div class=\"elementor-widget-container\">\n\t\t\t\t\t\t\t\t\t<div class=\"elementor-button-wrapper\">\n\t\t\t\t\t<a class=\"elementor-button elementor-button-link elementor-size-sm\" href=\"#\" id=\"nemokama-konsultacija\">\n\t\t\t\t\t\t<span class=\"elementor-button-content-wrapper\">\n\t\t\t\t\t\t\t\t\t<span class=\"elementor-button-text\">Rezervuoti konsultacij\u0105<\/span>\n\t\t\t\t\t<\/span>\n\t\t\t\t\t<\/a>\n\t\t\t\t<\/div>\n\t\t\t\t\t\t\t\t<\/div>\n\t\t\t\t<\/div>\n\t\t\t\t<\/div>\n\t\t\t\t<\/div>\n\t\t\t\t<\/div>\n\t\t\t\t<\/div>\n\t\t\t\t<\/div>\n\t\t\t\t<\/div>\n\t\t\t\t\t<\/div>\n\t\t\t\t<\/div>\n\t\t\t\t<\/div>","protected":false},"excerpt":{"rendered":"<p>NT nuoma Vilniuje \u2013 pagalba greitai ir saugiai i\u0161nuomojant b\u016bst\u0105 Nuomojant nekilnojam\u0105j\u012f turt\u0105 svarbu rasti patikimus nuomininkus ir u\u017etikrinti skland\u0173 [&hellip;]<\/p>\n","protected":false},"author":1,"featured_media":0,"parent":0,"menu_order":0,"comment_status":"closed","ping_status":"closed","template":"","meta":{"site-sidebar-layout":"no-sidebar","site-content-layout":"page-builder","ast-site-content-layout":"full-width-container","site-content-style":"default","site-sidebar-style":"default","ast-global-header-display":"","ast-banner-title-visibility":"","ast-main-header-display":"","ast-hfb-above-header-display":"","ast-hfb-below-header-display":"","ast-hfb-mobile-header-display":"","site-post-title":"disabled","ast-breadcrumbs-content":"","ast-featured-img":"disabled","footer-sml-layout":"","ast-disable-related-posts":"","theme-transparent-header-meta":"","adv-header-id-meta":"","stick-header-meta":"","header-above-stick-meta":"","header-main-stick-meta":"","header-below-stick-meta":"","astra-migrate-meta-layouts":"default","ast-page-background-enabled":"default","ast-page-background-meta":{"desktop":{"background-color":"","background-image":"","background-repeat":"repeat","background-position":"center center","background-size":"auto","background-attachment":"scroll","background-type":"","background-media":"","overlay-type":"","overlay-color":"","overlay-opacity":"","overlay-gradient":""},"tablet":{"background-color":"","background-image":"","background-repeat":"repeat","background-position":"center center","background-size":"auto","background-attachment":"scroll","background-type":"","background-media":"","overlay-type":"","overlay-color":"","overlay-opacity":"","overlay-gradient":""},"mobile":{"background-color":"","background-image":"","background-repeat":"repeat","background-position":"center center","background-size":"auto","background-attachment":"scroll","background-type":"","background-media":"","overlay-type":"","overlay-color":"","overlay-opacity":"","overlay-gradient":""}},"ast-content-background-meta":{"desktop":{"background-color":"var(--ast-global-color-5)","background-image":"","background-repeat":"repeat","background-position":"center center","background-size":"auto","background-attachment":"scroll","background-type":"","background-media":"","overlay-type":"","overlay-color":"","overlay-opacity":"","overlay-gradient":""},"tablet":{"background-color":"var(--ast-global-color-5)","background-image":"","background-repeat":"repeat","background-position":"center center","background-size":"auto","background-attachment":"scroll","background-type":"","background-media":"","overlay-type":"","overlay-color":"","overlay-opacity":"","overlay-gradient":""},"mobile":{"background-color":"var(--ast-global-color-5)","background-image":"","background-repeat":"repeat","background-position":"center center","background-size":"auto","background-attachment":"scroll","background-type":"","background-media":"","overlay-type":"","overlay-color":"","overlay-opacity":"","overlay-gradient":""}},"footnotes":""},"class_list":["post-2726","page","type-page","status-publish","hentry"],"yoast_head":"<!-- This site is optimized with the Yoast SEO plugin v27.1.1 - https:\/\/yoast.com\/product\/yoast-seo-wordpress\/ -->\n<title>NT nuoma - mypropertyexpert.eu<\/title>\n<meta name=\"robots\" content=\"index, follow, max-snippet:-1, max-image-preview:large, max-video-preview:-1\" \/>\n<link rel=\"canonical\" href=\"https:\/\/mypropertyexpert.eu\/en\/nt-nuoma\/\" \/>\n<meta property=\"og:locale\" content=\"en_US\" \/>\n<meta property=\"og:type\" content=\"article\" \/>\n<meta property=\"og:title\" content=\"NT nuoma - mypropertyexpert.eu\" \/>\n<meta property=\"og:description\" content=\"NT nuoma Vilniuje \u2013 pagalba greitai ir saugiai i\u0161nuomojant b\u016bst\u0105 Nuomojant nekilnojam\u0105j\u012f turt\u0105 svarbu rasti patikimus nuomininkus ir u\u017etikrinti skland\u0173 [&hellip;]\" \/>\n<meta property=\"og:url\" content=\"https:\/\/mypropertyexpert.eu\/en\/nt-nuoma\/\" \/>\n<meta property=\"og:site_name\" content=\"mypropertyexpert.eu\" \/>\n<meta property=\"article:publisher\" content=\"https:\/\/www.facebook.com\/profile.php?id=61570630220823\" \/>\n<meta property=\"article:modified_time\" content=\"2026-03-17T13:13:25+00:00\" \/>\n<meta name=\"twitter:card\" content=\"summary_large_image\" \/>\n<meta name=\"twitter:label1\" content=\"Est. reading time\" \/>\n\t<meta name=\"twitter:data1\" content=\"1 minute\" \/>\n<script type=\"application\/ld+json\" class=\"yoast-schema-graph\">{\"@context\":\"https:\/\/schema.org\",\"@graph\":[{\"@type\":\"WebPage\",\"@id\":\"https:\/\/mypropertyexpert.eu\/nt-nuoma\",\"url\":\"https:\/\/mypropertyexpert.eu\/nt-nuoma\",\"name\":\"NT nuoma - mypropertyexpert.eu\",\"isPartOf\":{\"@id\":\"https:\/\/mypropertyexpert.eu\/#website\"},\"datePublished\":\"2026-03-16T14:25:46+00:00\",\"dateModified\":\"2026-03-17T13:13:25+00:00\",\"breadcrumb\":{\"@id\":\"https:\/\/mypropertyexpert.eu\/nt-nuoma#breadcrumb\"},\"inLanguage\":\"en-US\",\"potentialAction\":[{\"@type\":\"ReadAction\",\"target\":[\"https:\/\/mypropertyexpert.eu\/nt-nuoma\"]}]},{\"@type\":\"BreadcrumbList\",\"@id\":\"https:\/\/mypropertyexpert.eu\/nt-nuoma#breadcrumb\",\"itemListElement\":[{\"@type\":\"ListItem\",\"position\":1,\"name\":\"Home\",\"item\":\"https:\/\/mypropertyexpert.eu\/\"},{\"@type\":\"ListItem\",\"position\":2,\"name\":\"NT nuoma\"}]},{\"@type\":\"WebSite\",\"@id\":\"https:\/\/mypropertyexpert.eu\/#website\",\"url\":\"https:\/\/mypropertyexpert.eu\/\",\"name\":\"mypropertyexpert.eu\",\"description\":\"\",\"publisher\":{\"@id\":\"https:\/\/mypropertyexpert.eu\/#organization\"},\"potentialAction\":[{\"@type\":\"SearchAction\",\"target\":{\"@type\":\"EntryPoint\",\"urlTemplate\":\"https:\/\/mypropertyexpert.eu\/?s={search_term_string}\"},\"query-input\":{\"@type\":\"PropertyValueSpecification\",\"valueRequired\":true,\"valueName\":\"search_term_string\"}}],\"inLanguage\":\"en-US\"},{\"@type\":\"Organization\",\"@id\":\"https:\/\/mypropertyexpert.eu\/#organization\",\"name\":\"mypropertyexpert.eu\",\"url\":\"https:\/\/mypropertyexpert.eu\/\",\"logo\":{\"@type\":\"ImageObject\",\"inLanguage\":\"en-US\",\"@id\":\"https:\/\/mypropertyexpert.eu\/#\/schema\/logo\/image\/\",\"url\":\"https:\/\/mypropertyexpert.eu\/wp-content\/uploads\/2026\/02\/Black-and-Brown-Modern-Real-Estate-Logo-2-1.png\",\"contentUrl\":\"https:\/\/mypropertyexpert.eu\/wp-content\/uploads\/2026\/02\/Black-and-Brown-Modern-Real-Estate-Logo-2-1.png\",\"width\":300,\"height\":120,\"caption\":\"mypropertyexpert.eu\"},\"image\":{\"@id\":\"https:\/\/mypropertyexpert.eu\/#\/schema\/logo\/image\/\"},\"sameAs\":[\"https:\/\/www.facebook.com\/profile.php?id=61570630220823\",\"https:\/\/www.instagram.com\/gintarent?igsh=NXQzNGw5NGxoYm93&utm_source=qr\"]}]}<\/script>\n<!-- \/ Yoast SEO plugin. -->","yoast_head_json":{"title":"NT nuoma - mypropertyexpert.eu","robots":{"index":"index","follow":"follow","max-snippet":"max-snippet:-1","max-image-preview":"max-image-preview:large","max-video-preview":"max-video-preview:-1"},"canonical":"https:\/\/mypropertyexpert.eu\/en\/nt-nuoma\/","og_locale":"en_US","og_type":"article","og_title":"NT nuoma - mypropertyexpert.eu","og_description":"NT nuoma Vilniuje \u2013 pagalba greitai ir saugiai i\u0161nuomojant b\u016bst\u0105 Nuomojant nekilnojam\u0105j\u012f turt\u0105 svarbu rasti patikimus nuomininkus ir u\u017etikrinti skland\u0173 [&hellip;]","og_url":"https:\/\/mypropertyexpert.eu\/en\/nt-nuoma\/","og_site_name":"mypropertyexpert.eu","article_publisher":"https:\/\/www.facebook.com\/profile.php?id=61570630220823","article_modified_time":"2026-03-17T13:13:25+00:00","twitter_card":"summary_large_image","twitter_misc":{"Est. reading time":"1 minute"},"schema":{"@context":"https:\/\/schema.org","@graph":[{"@type":"WebPage","@id":"https:\/\/mypropertyexpert.eu\/nt-nuoma","url":"https:\/\/mypropertyexpert.eu\/nt-nuoma","name":"NT nuoma - mypropertyexpert.eu","isPartOf":{"@id":"https:\/\/mypropertyexpert.eu\/#website"},"datePublished":"2026-03-16T14:25:46+00:00","dateModified":"2026-03-17T13:13:25+00:00","breadcrumb":{"@id":"https:\/\/mypropertyexpert.eu\/nt-nuoma#breadcrumb"},"inLanguage":"en-US","potentialAction":[{"@type":"ReadAction","target":["https:\/\/mypropertyexpert.eu\/nt-nuoma"]}]},{"@type":"BreadcrumbList","@id":"https:\/\/mypropertyexpert.eu\/nt-nuoma#breadcrumb","itemListElement":[{"@type":"ListItem","position":1,"name":"Home","item":"https:\/\/mypropertyexpert.eu\/"},{"@type":"ListItem","position":2,"name":"NT nuoma"}]},{"@type":"WebSite","@id":"https:\/\/mypropertyexpert.eu\/#website","url":"https:\/\/mypropertyexpert.eu\/","name":"mypropertyexpert.eu","description":"","publisher":{"@id":"https:\/\/mypropertyexpert.eu\/#organization"},"potentialAction":[{"@type":"SearchAction","target":{"@type":"EntryPoint","urlTemplate":"https:\/\/mypropertyexpert.eu\/?s={search_term_string}"},"query-input":{"@type":"PropertyValueSpecification","valueRequired":true,"valueName":"search_term_string"}}],"inLanguage":"en-US"},{"@type":"Organization","@id":"https:\/\/mypropertyexpert.eu\/#organization","name":"mypropertyexpert.eu","url":"https:\/\/mypropertyexpert.eu\/","logo":{"@type":"ImageObject","inLanguage":"en-US","@id":"https:\/\/mypropertyexpert.eu\/#\/schema\/logo\/image\/","url":"https:\/\/mypropertyexpert.eu\/wp-content\/uploads\/2026\/02\/Black-and-Brown-Modern-Real-Estate-Logo-2-1.png","contentUrl":"https:\/\/mypropertyexpert.eu\/wp-content\/uploads\/2026\/02\/Black-and-Brown-Modern-Real-Estate-Logo-2-1.png","width":300,"height":120,"caption":"mypropertyexpert.eu"},"image":{"@id":"https:\/\/mypropertyexpert.eu\/#\/schema\/logo\/image\/"},"sameAs":["https:\/\/www.facebook.com\/profile.php?id=61570630220823","https:\/\/www.instagram.com\/gintarent?igsh=NXQzNGw5NGxoYm93&utm_source=qr"]}]}},"_links":{"self":[{"href":"https:\/\/mypropertyexpert.eu\/en\/wp-json\/wp\/v2\/pages\/2726","targetHints":{"allow":["GET"]}}],"collection":[{"href":"https:\/\/mypropertyexpert.eu\/en\/wp-json\/wp\/v2\/pages"}],"about":[{"href":"https:\/\/mypropertyexpert.eu\/en\/wp-json\/wp\/v2\/types\/page"}],"author":[{"embeddable":true,"href":"https:\/\/mypropertyexpert.eu\/en\/wp-json\/wp\/v2\/users\/1"}],"replies":[{"embeddable":true,"href":"https:\/\/mypropertyexpert.eu\/en\/wp-json\/wp\/v2\/comments?post=2726"}],"version-history":[{"count":13,"href":"https:\/\/mypropertyexpert.eu\/en\/wp-json\/wp\/v2\/pages\/2726\/revisions"}],"predecessor-version":[{"id":2833,"href":"https:\/\/mypropertyexpert.eu\/en\/wp-json\/wp\/v2\/pages\/2726\/revisions\/2833"}],"wp:attachment":[{"href":"https:\/\/mypropertyexpert.eu\/en\/wp-json\/wp\/v2\/media?parent=2726"}],"curies":[{"name":"wp","href":"https:\/\/api.w.org\/{rel}","templated":true}]}}