{"id":169,"date":"2026-01-19T10:54:46","date_gmt":"2026-01-19T10:54:46","guid":{"rendered":"https:\/\/mypropertyexpert.eu\/contact-us\/"},"modified":"2026-02-25T07:59:54","modified_gmt":"2026-02-25T07:59:54","slug":"contact-us","status":"publish","type":"page","link":"https:\/\/mypropertyexpert.eu\/en\/contact-us","title":{"rendered":"Contact"},"content":{"rendered":"\t\t<div data-elementor-type=\"wp-page\" data-elementor-id=\"169\" class=\"elementor elementor-169\" data-elementor-post-type=\"page\">\n\t\t\t\t<div class=\"elementor-element elementor-element-32bc527 e-flex e-con-boxed e-con e-parent\" data-id=\"32bc527\" data-element_type=\"container\" data-e-type=\"container\" data-settings=\"{&quot;background_background&quot;:&quot;classic&quot;}\">\n\t\t\t\t\t<div class=\"e-con-inner\">\n\t\t<div class=\"elementor-element elementor-element-917206b e-con-full e-flex e-con e-child\" data-id=\"917206b\" data-element_type=\"container\" data-e-type=\"container\">\n\t\t\t\t<div class=\"elementor-element elementor-element-c8add0d elementor-widget elementor-widget-hfe-infocard\" data-id=\"c8add0d\" data-element_type=\"widget\" data-e-type=\"widget\" data-widget_type=\"hfe-infocard.default\">\n\t\t\t\t<div class=\"elementor-widget-container\">\n\t\t\t\t\t\n\t\t<div class=\"hfe-infocard\">\n\t\t\t\t\t\t\t\t\t<div class=\"hfe-infocard-title-wrap\">\n\t\t\t\t<h1 class=\"hfe-infocard-title elementor-inline-editing\" data-elementor-setting-key=\"infocard_title\" data-elementor-inline-editing-toolbar=\"basic\" >Kontaktai<\/h1>\t\t\t<\/div>\n\t\t\t\t\t\t<div class=\"hfe-infocard-text-wrap\">\n\t\t\t\t<div class=\"hfe-infocard-text elementor-inline-editing\" data-elementor-setting-key=\"infocard_description\" data-elementor-inline-editing-toolbar=\"advanced\">\n\t\t\t\t\t\t\t\t\t<\/div>\n\t\t\t\t\t\t\t<\/div>\n\t\t<\/div>\n\n\t\t\t\t\t\t<\/div>\n\t\t\t\t<\/div>\n\t\t\t\t<\/div>\n\t\t\t\t\t<\/div>\n\t\t\t\t<\/div>\n\t\t<div class=\"elementor-element elementor-element-033be17 e-flex e-con-boxed e-con e-parent\" data-id=\"033be17\" data-element_type=\"container\" data-e-type=\"container\" id=\"nemokamakonsultacija\">\n\t\t\t\t\t<div class=\"e-con-inner\">\n\t\t<div class=\"elementor-element elementor-element-0836ae7 e-con-full e-flex e-con e-child\" data-id=\"0836ae7\" data-element_type=\"container\" data-e-type=\"container\">\n\t\t\t\t<div class=\"elementor-element elementor-element-5fbefe6 elementor-widget elementor-widget-heading\" data-id=\"5fbefe6\" data-element_type=\"widget\" data-e-type=\"widget\" data-widget_type=\"heading.default\">\n\t\t\t\t<div class=\"elementor-widget-container\">\n\t\t\t\t\t<h2 class=\"elementor-heading-title elementor-size-default\">Turite klausim\u0173 d\u0117l nekilnojamojo turto?\u00a0<\/h2>\t\t\t\t<\/div>\n\t\t\t\t<\/div>\n\t\t\t\t<div class=\"elementor-element elementor-element-5583cd0 elementor-widget elementor-widget-text-editor\" data-id=\"5583cd0\" data-element_type=\"widget\" data-e-type=\"widget\" data-widget_type=\"text-editor.default\">\n\t\t\t\t<div class=\"elementor-widget-container\">\n\t\t\t\t\t\t\t\t\t<p data-start=\"356\" data-end=\"599\">Susisiekite \u2013 kartu \u012fvertinsime j\u016bs\u0173 situacij\u0105, aptarsime galimus sprendimus ir ai\u0161kiai susid\u0117liosime tolimesnius \u017eingsnius.<br \/>Konsultacijos \u2013 nuotoliu arba gyvai.<\/p>\t\t\t\t\t\t\t\t<\/div>\n\t\t\t\t<\/div>\n\t\t\t\t<div class=\"elementor-element elementor-element-e503c67 elementor-position-inline-start elementor-view-stacked elementor-widget__width-inherit elementor-widget-mobile__width-inherit elementor-shape-circle elementor-mobile-position-block-start elementor-widget elementor-widget-icon-box\" data-id=\"e503c67\" data-element_type=\"widget\" data-e-type=\"widget\" data-widget_type=\"icon-box.default\">\n\t\t\t\t<div class=\"elementor-widget-container\">\n\t\t\t\t\t\t\t<div class=\"elementor-icon-box-wrapper\">\n\n\t\t\t\t\t\t<div class=\"elementor-icon-box-icon\">\n\t\t\t\t<span  class=\"elementor-icon\">\n\t\t\t\t<i aria-hidden=\"true\" class=\"fas fa-envelope\"><\/i>\t\t\t\t<\/span>\n\t\t\t<\/div>\n\t\t\t\n\t\t\t\t\t\t<div class=\"elementor-icon-box-content\">\n\n\t\t\t\t\n\t\t\t\t\t\t\t\t\t<p class=\"elementor-icon-box-description\">\n\t\t\t\t\t\tgintare.serpenskiene@capital.lt\t\t\t\t\t<\/p>\n\t\t\t\t\n\t\t\t<\/div>\n\t\t\t\n\t\t<\/div>\n\t\t\t\t\t\t<\/div>\n\t\t\t\t<\/div>\n\t\t\t\t<div class=\"elementor-element elementor-element-f43e10f elementor-position-inline-start elementor-view-stacked elementor-widget__width-inherit elementor-widget-mobile__width-inherit elementor-shape-circle elementor-mobile-position-block-start elementor-widget elementor-widget-icon-box\" data-id=\"f43e10f\" data-element_type=\"widget\" data-e-type=\"widget\" data-widget_type=\"icon-box.default\">\n\t\t\t\t<div class=\"elementor-widget-container\">\n\t\t\t\t\t\t\t<div class=\"elementor-icon-box-wrapper\">\n\n\t\t\t\t\t\t<div class=\"elementor-icon-box-icon\">\n\t\t\t\t<span  class=\"elementor-icon\">\n\t\t\t\t<i aria-hidden=\"true\" class=\"fas fa-map-pin\"><\/i>\t\t\t\t<\/span>\n\t\t\t<\/div>\n\t\t\t\n\t\t\t\t\t\t<div class=\"elementor-icon-box-content\">\n\n\t\t\t\t\n\t\t\t\t\t\t\t\t\t<p class=\"elementor-icon-box-description\">\n\t\t\t\t\t\tUkmerg\u0117s g. 120-2, Vilnius\t\t\t\t\t<\/p>\n\t\t\t\t\n\t\t\t<\/div>\n\t\t\t\n\t\t<\/div>\n\t\t\t\t\t\t<\/div>\n\t\t\t\t<\/div>\n\t\t\t\t<div class=\"elementor-element elementor-element-255dd7d elementor-position-inline-start elementor-view-stacked elementor-widget__width-inherit elementor-widget-mobile__width-inherit elementor-shape-circle elementor-mobile-position-block-start elementor-widget elementor-widget-icon-box\" data-id=\"255dd7d\" data-element_type=\"widget\" data-e-type=\"widget\" data-widget_type=\"icon-box.default\">\n\t\t\t\t<div class=\"elementor-widget-container\">\n\t\t\t\t\t\t\t<div class=\"elementor-icon-box-wrapper\">\n\n\t\t\t\t\t\t<div class=\"elementor-icon-box-icon\">\n\t\t\t\t<span  class=\"elementor-icon\">\n\t\t\t\t<i aria-hidden=\"true\" class=\"fas fa-phone\"><\/i>\t\t\t\t<\/span>\n\t\t\t<\/div>\n\t\t\t\n\t\t\t\t\t\t<div class=\"elementor-icon-box-content\">\n\n\t\t\t\t\n\t\t\t\t\t\t\t\t\t<p class=\"elementor-icon-box-description\">\n\t\t\t\t\t\t+370 600 61511 (darbo dienomis 9\u201318 val.)\t\t\t\t\t<\/p>\n\t\t\t\t\n\t\t\t<\/div>\n\t\t\t\n\t\t<\/div>\n\t\t\t\t\t\t<\/div>\n\t\t\t\t<\/div>\n\t\t\t\t<\/div>\n\t\t<div class=\"elementor-element elementor-element-c79b494 e-con-full e-flex e-con e-child\" data-id=\"c79b494\" data-element_type=\"container\" data-e-type=\"container\" id=\"konsultacijos-forma\" data-settings=\"{&quot;background_background&quot;:&quot;classic&quot;}\">\n\t\t\t\t<div class=\"elementor-element elementor-element-3b7a27f elementor-widget elementor-widget-wpforms\" data-id=\"3b7a27f\" data-element_type=\"widget\" data-e-type=\"widget\" data-widget_type=\"wpforms.default\">\n\t\t\t\t<div class=\"elementor-widget-container\">\n\t\t\t\t\t<style id=\"wpforms-css-vars-elementor-widget-3b7a27f\">\n\t\t\t\t.elementor-widget-wpforms.elementor-element-3b7a27f {\n\t\t\t\t--wpforms-label-error-color: #7F7A7A;\n--wpforms-button-border-radius: 10px;\n--wpforms-button-background-color: #000000;\n\t\t\t}\n\t\t\t<\/style><div class=\"wpforms-container wpforms-container-full wpforms-render-modern\" id=\"wpforms-2022\"><form id=\"wpforms-form-2022\" class=\"wpforms-validate wpforms-form wpforms-ajax-form\" data-formid=\"2022\" method=\"post\" enctype=\"multipart\/form-data\" action=\"\/en\/wp-json\/wp\/v2\/pages\/169\" data-token=\"8f7f4bf88902793f87a23d3420875759\" data-token-time=\"1775723079\"><noscript class=\"wpforms-error-noscript\">Please enable JavaScript in your browser to complete this form.<\/noscript><div id=\"wpforms-error-noscript\" style=\"display: none;\">Please enable JavaScript in your browser to complete this form.<\/div><div class=\"wpforms-field-container\">\t\t<div id=\"wpforms-2022-field_6-container\"\n\t\t\tclass=\"wpforms-field wpforms-field-text\"\n\t\t\tdata-field-type=\"text\"\n\t\t\tdata-field-id=\"6\"\n\t\t\t>\n\t\t\t<label class=\"wpforms-field-label\" for=\"wpforms-2022-field_6\" >numeris Pasirinkti Pasirinkite<\/label>\n\t\t\t<input type=\"text\" id=\"wpforms-2022-field_6\" class=\"wpforms-field-medium\" name=\"wpforms[fields][6]\" >\n\t\t<\/div>\n\t\t<div id=\"wpforms-2022-field_1-container\" class=\"wpforms-field wpforms-field-email\" data-field-id=\"1\"><label class=\"wpforms-field-label\" for=\"wpforms-2022-field_1\">El.pa\u0161to adresas <span class=\"wpforms-required-label\" aria-hidden=\"true\">*<\/span><\/label><input type=\"email\" id=\"wpforms-2022-field_1\" class=\"wpforms-field-large wpforms-field-required\" name=\"wpforms[fields][1]\" spellcheck=\"false\" aria-errormessage=\"wpforms-2022-field_1-error\" required><\/div><div id=\"wpforms-2022-field_2-container\" class=\"wpforms-field wpforms-field-number\" data-field-id=\"2\"><label class=\"wpforms-field-label\" for=\"wpforms-2022-field_2\">Tel. numeris <span class=\"wpforms-required-label\" aria-hidden=\"true\">*<\/span><\/label><input type=\"number\" id=\"wpforms-2022-field_2\" class=\"wpforms-field-large wpforms-field-required\" name=\"wpforms[fields][2]\" step=\"any\" aria-errormessage=\"wpforms-2022-field_2-error\" required><\/div><div id=\"wpforms-2022-field_3-container\" class=\"wpforms-field wpforms-field-select wpforms-field-select-style-classic\" data-field-id=\"3\"><label class=\"wpforms-field-label\" for=\"wpforms-2022-field_3\">Pasirinkite dominan\u010di\u0105 tem\u0105... <span class=\"wpforms-required-label\" aria-hidden=\"true\">*<\/span><\/label><select id=\"wpforms-2022-field_3\" class=\"wpforms-field-large wpforms-field-required\" name=\"wpforms[fields][3]\" required=\"required\"><option value=\"NT Pardavimas\"  class=\"choice-1 depth-1\"  >NT Pardavimas<\/option><option value=\"NT Pirkimas\"  class=\"choice-2 depth-1\"  >NT Pirkimas<\/option><option value=\"NT Nuoma\"  class=\"choice-3 depth-1\"  >NT Nuoma<\/option><\/select><\/div><div id=\"wpforms-2022-field_4-container\" class=\"wpforms-field wpforms-field-textarea\" data-field-id=\"4\"><label class=\"wpforms-field-label\" for=\"wpforms-2022-field_4\">J\u016bs\u0173 \u017einut\u0117... <span class=\"wpforms-required-label\" aria-hidden=\"true\">*<\/span><\/label><textarea id=\"wpforms-2022-field_4\" class=\"wpforms-field-medium wpforms-field-required\" name=\"wpforms[fields][4]\" placeholder=\"Trumpai apra\u0161ykite, d\u0117l ko nor\u0117tum\u0117te pasikonsultuoti: j\u016bs\u0173 situacija, planus ar klausimus\" aria-errormessage=\"wpforms-2022-field_4-error\" required><\/textarea><\/div><div id=\"wpforms-2022-field_5-container\" class=\"wpforms-field wpforms-field-gdpr-checkbox\" data-field-id=\"5\"><label class=\"wpforms-field-label\">Pasirinkti <span class=\"wpforms-required-label\" aria-hidden=\"true\">*<\/span><\/label><ul id=\"wpforms-2022-field_5\" class=\"wpforms-field-required\"><li class=\"choice-1\"><input type=\"checkbox\" id=\"wpforms-2022-field_5_1\" name=\"wpforms[fields][5][]\" value=\"Pateikdami duomenis sutinkate su Privatumo politika\" aria-errormessage=\"wpforms-2022-field_5_1-error\" required ><label class=\"wpforms-field-label-inline\" for=\"wpforms-2022-field_5_1\">Pateikdami duomenis sutinkate su Privatumo politika<\/label><\/li><\/ul><\/div><script>\n\t\t\t\t( function() {\n\t\t\t\t\tconst style = document.createElement( 'style' );\n\t\t\t\t\tstyle.appendChild( document.createTextNode( '#wpforms-2022-field_6-container { position: absolute !important; overflow: hidden !important; display: inline !important; height: 1px !important; width: 1px !important; z-index: -1000 !important; padding: 0 !important; } #wpforms-2022-field_6-container input { visibility: hidden; } #wpforms-conversational-form-page #wpforms-2022-field_6-container label { counter-increment: none; }' ) );\n\t\t\t\t\tdocument.head.appendChild( style );\n\t\t\t\t\tdocument.currentScript?.remove();\n\t\t\t\t} )();\n\t\t\t<\/script><\/div><!-- .wpforms-field-container --><div class=\"wpforms-submit-container\" ><input type=\"hidden\" name=\"wpforms[id]\" value=\"2022\"><input type=\"hidden\" name=\"page_title\" value=\"\"><input type=\"hidden\" name=\"page_url\" value=\"https:\/\/mypropertyexpert.eu\/en\/wp-json\/wp\/v2\/pages\/169\"><input type=\"hidden\" name=\"url_referer\" value=\"\"><button type=\"submit\" name=\"wpforms[submit]\" id=\"wpforms-submit-2022\" class=\"wpforms-submit\" data-alt-text=\"SIUN\u010cIAMA...\" data-submit-text=\"SI\u0172STI U\u017dKLAUS\u0104\" aria-live=\"assertive\" value=\"wpforms-submit\">SI\u0172STI U\u017dKLAUS\u0104<\/button><img decoding=\"async\" src=\"https:\/\/mypropertyexpert.eu\/wp-content\/plugins\/wpforms-lite\/assets\/images\/submit-spin.svg\" class=\"wpforms-submit-spinner\" style=\"display: none;\" width=\"26\" height=\"26\" alt=\"Loading\" title=\"Kontaktai\"><\/div><\/form><\/div>  <!-- .wpforms-container -->\t\t\t\t<\/div>\n\t\t\t\t<\/div>\n\t\t\t\t<div class=\"elementor-element elementor-element-99163cc elementor-align-end elementor-widget__width-auto elementor-absolute elementor-icon-list--layout-traditional elementor-list-item-link-full_width elementor-widget elementor-widget-icon-list\" data-id=\"99163cc\" data-element_type=\"widget\" data-e-type=\"widget\" data-settings=\"{&quot;_position&quot;:&quot;absolute&quot;}\" data-widget_type=\"icon-list.default\">\n\t\t\t\t<div class=\"elementor-widget-container\">\n\t\t\t\t\t\t\t<ul class=\"elementor-icon-list-items\">\n\t\t\t\t\t\t\t<li class=\"elementor-icon-list-item\">\n\t\t\t\t\t\t\t\t\t\t\t<span class=\"elementor-icon-list-icon\">\n\t\t\t\t\t\t\t<i aria-hidden=\"true\" class=\"fas fa-asterisk\"><\/i>\t\t\t\t\t\t<\/span>\n\t\t\t\t\t\t\t\t\t\t<span class=\"elementor-icon-list-text\">Privalomi laukai<\/span>\n\t\t\t\t\t\t\t\t\t<\/li>\n\t\t\t\t\t\t<\/ul>\n\t\t\t\t\t\t<\/div>\n\t\t\t\t<\/div>\n\t\t\t\t<\/div>\n\t\t\t\t\t<\/div>\n\t\t\t\t<\/div>\n\t\t<div class=\"elementor-element elementor-element-f5afb26 e-con-full e-flex e-con e-parent\" data-id=\"f5afb26\" data-element_type=\"container\" data-e-type=\"container\">\n\t\t<div class=\"elementor-element elementor-element-02e30c1 e-con-full e-flex e-con e-child\" data-id=\"02e30c1\" data-element_type=\"container\" data-e-type=\"container\">\n\t\t\t\t<div class=\"elementor-element elementor-element-95a202c elementor-widget elementor-widget-google_maps\" data-id=\"95a202c\" data-element_type=\"widget\" data-e-type=\"widget\" data-widget_type=\"google_maps.default\">\n\t\t\t\t<div class=\"elementor-widget-container\">\n\t\t\t\t\t\t\t<div class=\"elementor-custom-embed\">\n\t\t\t<iframe loading=\"lazy\"\n\t\t\t\t\tsrc=\"https:\/\/maps.google.com\/maps?q=Ukmerg%C4%97s%20g.%20120-2%2C%20Vilnius&#038;t=m&#038;z=16&#038;output=embed&#038;iwloc=near\"\n\t\t\t\t\ttitle=\"Ukmerg\u0117s g. 120-2, Vilnius\"\n\t\t\t\t\taria-label=\"Ukmerg\u0117s g. 120-2, Vilnius\"\n\t\t\t><\/iframe>\n\t\t<\/div>\n\t\t\t\t\t\t<\/div>\n\t\t\t\t<\/div>\n\t\t\t\t<\/div>\n\t\t\t\t<\/div>\n\t\t\t\t<\/div>\n\t\t","protected":false},"excerpt":{"rendered":"<p>Kontaktai Turite klausim\u0173 d\u0117l nekilnojamojo turto?\u00a0 Susisiekite \u2013 kartu \u012fvertinsime j\u016bs\u0173 situacij\u0105, aptarsime galimus sprendimus ir ai\u0161kiai susid\u0117liosime tolimesnius \u017eingsnius.Konsultacijos [&hellip;]<\/p>\n","protected":false},"author":1,"featured_media":0,"parent":0,"menu_order":0,"comment_status":"closed","ping_status":"closed","template":"","meta":{"site-sidebar-layout":"no-sidebar","site-content-layout":"page-builder","ast-site-content-layout":"default","site-content-style":"default","site-sidebar-style":"default","ast-global-header-display":"","ast-banner-title-visibility":"","ast-main-header-display":"","ast-hfb-above-header-display":"","ast-hfb-below-header-display":"","ast-hfb-mobile-header-display":"","site-post-title":"disabled","ast-breadcrumbs-content":"","ast-featured-img":"disabled","footer-sml-layout":"","ast-disable-related-posts":"","theme-transparent-header-meta":"enabled","adv-header-id-meta":"","stick-header-meta":"","header-above-stick-meta":"","header-main-stick-meta":"","header-below-stick-meta":"","astra-migrate-meta-layouts":"default","ast-page-background-enabled":"default","ast-page-background-meta":{"desktop":{"background-color":"","background-image":"","background-repeat":"repeat","background-position":"center center","background-size":"auto","background-attachment":"scroll","background-type":"","background-media":"","overlay-type":"","overlay-color":"","overlay-opacity":"","overlay-gradient":""},"tablet":{"background-color":"","background-image":"","background-repeat":"repeat","background-position":"center center","background-size":"auto","background-attachment":"scroll","background-type":"","background-media":"","overlay-type":"","overlay-color":"","overlay-opacity":"","overlay-gradient":""},"mobile":{"background-color":"","background-image":"","background-repeat":"repeat","background-position":"center center","background-size":"auto","background-attachment":"scroll","background-type":"","background-media":"","overlay-type":"","overlay-color":"","overlay-opacity":"","overlay-gradient":""}},"ast-content-background-meta":{"desktop":{"background-color":"var(--ast-global-color-5)","background-image":"","background-repeat":"repeat","background-position":"center center","background-size":"auto","background-attachment":"scroll","background-type":"","background-media":"","overlay-type":"","overlay-color":"","overlay-opacity":"","overlay-gradient":""},"tablet":{"background-color":"var(--ast-global-color-5)","background-image":"","background-repeat":"repeat","background-position":"center center","background-size":"auto","background-attachment":"scroll","background-type":"","background-media":"","overlay-type":"","overlay-color":"","overlay-opacity":"","overlay-gradient":""},"mobile":{"background-color":"var(--ast-global-color-5)","background-image":"","background-repeat":"repeat","background-position":"center center","background-size":"auto","background-attachment":"scroll","background-type":"","background-media":"","overlay-type":"","overlay-color":"","overlay-opacity":"","overlay-gradient":""}},"footnotes":""},"class_list":["post-169","page","type-page","status-publish","hentry"],"yoast_head":"<!-- This site is optimized with the Yoast SEO plugin v27.1.1 - https:\/\/yoast.com\/product\/yoast-seo-wordpress\/ -->\n<title>Kontaktai - mypropertyexpert.eu<\/title>\n<meta name=\"robots\" content=\"index, follow, max-snippet:-1, max-image-preview:large, max-video-preview:-1\" \/>\n<link rel=\"canonical\" href=\"https:\/\/mypropertyexpert.eu\/en\/contact-us\/\" \/>\n<meta property=\"og:locale\" content=\"en_US\" \/>\n<meta property=\"og:type\" content=\"article\" \/>\n<meta property=\"og:title\" content=\"Kontaktai - mypropertyexpert.eu\" \/>\n<meta property=\"og:description\" content=\"Kontaktai Turite klausim\u0173 d\u0117l nekilnojamojo turto?\u00a0 Susisiekite \u2013 kartu \u012fvertinsime j\u016bs\u0173 situacij\u0105, aptarsime galimus sprendimus ir ai\u0161kiai susid\u0117liosime tolimesnius \u017eingsnius.Konsultacijos [&hellip;]\" \/>\n<meta property=\"og:url\" content=\"https:\/\/mypropertyexpert.eu\/en\/contact-us\/\" \/>\n<meta property=\"og:site_name\" content=\"mypropertyexpert.eu\" \/>\n<meta property=\"article:publisher\" content=\"https:\/\/www.facebook.com\/profile.php?id=61570630220823\" \/>\n<meta property=\"article:modified_time\" content=\"2026-02-25T07:59:54+00:00\" \/>\n<meta property=\"og:image\" content=\"https:\/\/mypropertyexpert.eu\/wp-content\/plugins\/wpforms-lite\/assets\/images\/submit-spin.svg\" \/>\n<meta name=\"twitter:card\" content=\"summary_large_image\" \/>\n<meta name=\"twitter:label1\" content=\"Est. reading time\" \/>\n\t<meta name=\"twitter:data1\" content=\"1 minute\" \/>\n<script type=\"application\/ld+json\" class=\"yoast-schema-graph\">{\"@context\":\"https:\/\/schema.org\",\"@graph\":[{\"@type\":\"WebPage\",\"@id\":\"https:\/\/mypropertyexpert.eu\/contact-us\",\"url\":\"https:\/\/mypropertyexpert.eu\/contact-us\",\"name\":\"Kontaktai - mypropertyexpert.eu\",\"isPartOf\":{\"@id\":\"https:\/\/mypropertyexpert.eu\/#website\"},\"primaryImageOfPage\":{\"@id\":\"https:\/\/mypropertyexpert.eu\/contact-us#primaryimage\"},\"image\":{\"@id\":\"https:\/\/mypropertyexpert.eu\/contact-us#primaryimage\"},\"thumbnailUrl\":\"https:\/\/mypropertyexpert.eu\/wp-content\/plugins\/wpforms-lite\/assets\/images\/submit-spin.svg\",\"datePublished\":\"2026-01-19T10:54:46+00:00\",\"dateModified\":\"2026-02-25T07:59:54+00:00\",\"breadcrumb\":{\"@id\":\"https:\/\/mypropertyexpert.eu\/contact-us#breadcrumb\"},\"inLanguage\":\"en-US\",\"potentialAction\":[{\"@type\":\"ReadAction\",\"target\":[\"https:\/\/mypropertyexpert.eu\/contact-us\"]}]},{\"@type\":\"ImageObject\",\"inLanguage\":\"en-US\",\"@id\":\"https:\/\/mypropertyexpert.eu\/contact-us#primaryimage\",\"url\":\"https:\/\/mypropertyexpert.eu\/wp-content\/plugins\/wpforms-lite\/assets\/images\/submit-spin.svg\",\"contentUrl\":\"https:\/\/mypropertyexpert.eu\/wp-content\/plugins\/wpforms-lite\/assets\/images\/submit-spin.svg\"},{\"@type\":\"BreadcrumbList\",\"@id\":\"https:\/\/mypropertyexpert.eu\/contact-us#breadcrumb\",\"itemListElement\":[{\"@type\":\"ListItem\",\"position\":1,\"name\":\"Home\",\"item\":\"https:\/\/mypropertyexpert.eu\/\"},{\"@type\":\"ListItem\",\"position\":2,\"name\":\"Kontaktai\"}]},{\"@type\":\"WebSite\",\"@id\":\"https:\/\/mypropertyexpert.eu\/#website\",\"url\":\"https:\/\/mypropertyexpert.eu\/\",\"name\":\"mypropertyexpert.eu\",\"description\":\"\",\"publisher\":{\"@id\":\"https:\/\/mypropertyexpert.eu\/#organization\"},\"potentialAction\":[{\"@type\":\"SearchAction\",\"target\":{\"@type\":\"EntryPoint\",\"urlTemplate\":\"https:\/\/mypropertyexpert.eu\/?s={search_term_string}\"},\"query-input\":{\"@type\":\"PropertyValueSpecification\",\"valueRequired\":true,\"valueName\":\"search_term_string\"}}],\"inLanguage\":\"en-US\"},{\"@type\":\"Organization\",\"@id\":\"https:\/\/mypropertyexpert.eu\/#organization\",\"name\":\"mypropertyexpert.eu\",\"url\":\"https:\/\/mypropertyexpert.eu\/\",\"logo\":{\"@type\":\"ImageObject\",\"inLanguage\":\"en-US\",\"@id\":\"https:\/\/mypropertyexpert.eu\/#\/schema\/logo\/image\/\",\"url\":\"https:\/\/mypropertyexpert.eu\/wp-content\/uploads\/2026\/02\/Black-and-Brown-Modern-Real-Estate-Logo-2-1.png\",\"contentUrl\":\"https:\/\/mypropertyexpert.eu\/wp-content\/uploads\/2026\/02\/Black-and-Brown-Modern-Real-Estate-Logo-2-1.png\",\"width\":300,\"height\":120,\"caption\":\"mypropertyexpert.eu\"},\"image\":{\"@id\":\"https:\/\/mypropertyexpert.eu\/#\/schema\/logo\/image\/\"},\"sameAs\":[\"https:\/\/www.facebook.com\/profile.php?id=61570630220823\",\"https:\/\/www.instagram.com\/gintarent?igsh=NXQzNGw5NGxoYm93&utm_source=qr\"]}]}<\/script>\n<!-- \/ Yoast SEO plugin. -->","yoast_head_json":{"title":"Kontaktai - mypropertyexpert.eu","robots":{"index":"index","follow":"follow","max-snippet":"max-snippet:-1","max-image-preview":"max-image-preview:large","max-video-preview":"max-video-preview:-1"},"canonical":"https:\/\/mypropertyexpert.eu\/en\/contact-us\/","og_locale":"en_US","og_type":"article","og_title":"Kontaktai - mypropertyexpert.eu","og_description":"Kontaktai Turite klausim\u0173 d\u0117l nekilnojamojo turto?\u00a0 Susisiekite \u2013 kartu \u012fvertinsime j\u016bs\u0173 situacij\u0105, aptarsime galimus sprendimus ir ai\u0161kiai susid\u0117liosime tolimesnius \u017eingsnius.Konsultacijos [&hellip;]","og_url":"https:\/\/mypropertyexpert.eu\/en\/contact-us\/","og_site_name":"mypropertyexpert.eu","article_publisher":"https:\/\/www.facebook.com\/profile.php?id=61570630220823","article_modified_time":"2026-02-25T07:59:54+00:00","og_image":[{"url":"https:\/\/mypropertyexpert.eu\/wp-content\/plugins\/wpforms-lite\/assets\/images\/submit-spin.svg","type":"","width":"","height":""}],"twitter_card":"summary_large_image","twitter_misc":{"Est. reading time":"1 minute"},"schema":{"@context":"https:\/\/schema.org","@graph":[{"@type":"WebPage","@id":"https:\/\/mypropertyexpert.eu\/contact-us","url":"https:\/\/mypropertyexpert.eu\/contact-us","name":"Kontaktai - mypropertyexpert.eu","isPartOf":{"@id":"https:\/\/mypropertyexpert.eu\/#website"},"primaryImageOfPage":{"@id":"https:\/\/mypropertyexpert.eu\/contact-us#primaryimage"},"image":{"@id":"https:\/\/mypropertyexpert.eu\/contact-us#primaryimage"},"thumbnailUrl":"https:\/\/mypropertyexpert.eu\/wp-content\/plugins\/wpforms-lite\/assets\/images\/submit-spin.svg","datePublished":"2026-01-19T10:54:46+00:00","dateModified":"2026-02-25T07:59:54+00:00","breadcrumb":{"@id":"https:\/\/mypropertyexpert.eu\/contact-us#breadcrumb"},"inLanguage":"en-US","potentialAction":[{"@type":"ReadAction","target":["https:\/\/mypropertyexpert.eu\/contact-us"]}]},{"@type":"ImageObject","inLanguage":"en-US","@id":"https:\/\/mypropertyexpert.eu\/contact-us#primaryimage","url":"https:\/\/mypropertyexpert.eu\/wp-content\/plugins\/wpforms-lite\/assets\/images\/submit-spin.svg","contentUrl":"https:\/\/mypropertyexpert.eu\/wp-content\/plugins\/wpforms-lite\/assets\/images\/submit-spin.svg"},{"@type":"BreadcrumbList","@id":"https:\/\/mypropertyexpert.eu\/contact-us#breadcrumb","itemListElement":[{"@type":"ListItem","position":1,"name":"Home","item":"https:\/\/mypropertyexpert.eu\/"},{"@type":"ListItem","position":2,"name":"Kontaktai"}]},{"@type":"WebSite","@id":"https:\/\/mypropertyexpert.eu\/#website","url":"https:\/\/mypropertyexpert.eu\/","name":"mypropertyexpert.eu","description":"","publisher":{"@id":"https:\/\/mypropertyexpert.eu\/#organization"},"potentialAction":[{"@type":"SearchAction","target":{"@type":"EntryPoint","urlTemplate":"https:\/\/mypropertyexpert.eu\/?s={search_term_string}"},"query-input":{"@type":"PropertyValueSpecification","valueRequired":true,"valueName":"search_term_string"}}],"inLanguage":"en-US"},{"@type":"Organization","@id":"https:\/\/mypropertyexpert.eu\/#organization","name":"mypropertyexpert.eu","url":"https:\/\/mypropertyexpert.eu\/","logo":{"@type":"ImageObject","inLanguage":"en-US","@id":"https:\/\/mypropertyexpert.eu\/#\/schema\/logo\/image\/","url":"https:\/\/mypropertyexpert.eu\/wp-content\/uploads\/2026\/02\/Black-and-Brown-Modern-Real-Estate-Logo-2-1.png","contentUrl":"https:\/\/mypropertyexpert.eu\/wp-content\/uploads\/2026\/02\/Black-and-Brown-Modern-Real-Estate-Logo-2-1.png","width":300,"height":120,"caption":"mypropertyexpert.eu"},"image":{"@id":"https:\/\/mypropertyexpert.eu\/#\/schema\/logo\/image\/"},"sameAs":["https:\/\/www.facebook.com\/profile.php?id=61570630220823","https:\/\/www.instagram.com\/gintarent?igsh=NXQzNGw5NGxoYm93&utm_source=qr"]}]}},"_links":{"self":[{"href":"https:\/\/mypropertyexpert.eu\/en\/wp-json\/wp\/v2\/pages\/169","targetHints":{"allow":["GET"]}}],"collection":[{"href":"https:\/\/mypropertyexpert.eu\/en\/wp-json\/wp\/v2\/pages"}],"about":[{"href":"https:\/\/mypropertyexpert.eu\/en\/wp-json\/wp\/v2\/types\/page"}],"author":[{"embeddable":true,"href":"https:\/\/mypropertyexpert.eu\/en\/wp-json\/wp\/v2\/users\/1"}],"replies":[{"embeddable":true,"href":"https:\/\/mypropertyexpert.eu\/en\/wp-json\/wp\/v2\/comments?post=169"}],"version-history":[{"count":111,"href":"https:\/\/mypropertyexpert.eu\/en\/wp-json\/wp\/v2\/pages\/169\/revisions"}],"predecessor-version":[{"id":2501,"href":"https:\/\/mypropertyexpert.eu\/en\/wp-json\/wp\/v2\/pages\/169\/revisions\/2501"}],"wp:attachment":[{"href":"https:\/\/mypropertyexpert.eu\/en\/wp-json\/wp\/v2\/media?parent=169"}],"curies":[{"name":"wp","href":"https:\/\/api.w.org\/{rel}","templated":true}]}}