{"id":119,"date":"2026-01-19T10:54:45","date_gmt":"2026-01-19T10:54:45","guid":{"rendered":"https:\/\/mypropertyexpert.eu\/about-us\/"},"modified":"2026-03-05T12:29:52","modified_gmt":"2026-03-05T12:29:52","slug":"about-us","status":"publish","type":"page","link":"https:\/\/mypropertyexpert.eu\/en\/about-us","title":{"rendered":"About me"},"content":{"rendered":"<div data-elementor-type=\"wp-page\" data-elementor-id=\"119\" class=\"elementor elementor-119\" data-elementor-post-type=\"page\">\n\t\t\t\t<div class=\"elementor-element elementor-element-6293501 e-flex e-con-boxed e-con e-parent\" data-id=\"6293501\" data-element_type=\"container\" data-e-type=\"container\" data-settings=\"{&quot;background_background&quot;:&quot;classic&quot;}\">\n\t\t\t\t\t<div class=\"e-con-inner\">\n\t\t<div class=\"elementor-element elementor-element-60f23af e-con-full e-flex e-con e-child\" data-id=\"60f23af\" data-element_type=\"container\" data-e-type=\"container\">\n\t\t\t\t<div class=\"elementor-element elementor-element-6643bd5 elementor-widget elementor-widget-hfe-infocard\" data-id=\"6643bd5\" data-element_type=\"widget\" data-e-type=\"widget\" data-widget_type=\"hfe-infocard.default\">\n\t\t\t\t<div class=\"elementor-widget-container\">\n\t\t\t\t\t\n\t\t<div class=\"hfe-infocard\">\n\t\t\t\t\t\t\t\t\t<div class=\"hfe-infocard-title-wrap\">\n\t\t\t\t<h1 class=\"hfe-infocard-title elementor-inline-editing\" data-elementor-setting-key=\"infocard_title\" data-elementor-inline-editing-toolbar=\"basic\" >About me<\/h1>\t\t\t<\/div>\n\t\t\t\t\t\t<div class=\"hfe-infocard-text-wrap\">\n\t\t\t\t<div class=\"hfe-infocard-text elementor-inline-editing\" data-elementor-setting-key=\"infocard_description\" data-elementor-inline-editing-toolbar=\"advanced\">\n\t\t\t\t\tStrategic solutions for real estate matters \u2014 from evaluating the situation to achieving a clear result.\t\t\t\t<\/div>\n\t\t\t\t\t\t\t<\/div>\n\t\t<\/div>\n\n\t\t\t\t\t\t<\/div>\n\t\t\t\t<\/div>\n\t\t\t\t<\/div>\n\t\t\t\t\t<\/div>\n\t\t\t\t<\/div>\n\t\t<div class=\"elementor-element elementor-element-1df73b1 e-flex e-con-boxed e-con e-parent\" data-id=\"1df73b1\" data-element_type=\"container\" data-e-type=\"container\" data-settings=\"{&quot;background_background&quot;:&quot;classic&quot;}\">\n\t\t\t\t\t<div class=\"e-con-inner\">\n\t\t<div class=\"elementor-element elementor-element-eeb1dd2 e-con-full e-flex e-con e-child\" data-id=\"eeb1dd2\" data-element_type=\"container\" data-e-type=\"container\">\n\t\t\t\t<div class=\"elementor-element elementor-element-5d36816 elementor-widget elementor-widget-heading\" data-id=\"5d36816\" data-element_type=\"widget\" data-e-type=\"widget\" data-widget_type=\"heading.default\">\n\t\t\t\t<div class=\"elementor-widget-container\">\n\t\t\t\t\t<h2 class=\"elementor-heading-title elementor-size-default\">EXPERIENCE BEHIND STRATEGIC DECISIONS<\/h2>\t\t\t\t<\/div>\n\t\t\t\t<\/div>\n\t\t\t\t<div class=\"elementor-element elementor-element-e703ad7 elementor-widget elementor-widget-text-editor\" data-id=\"e703ad7\" data-element_type=\"widget\" data-e-type=\"widget\" data-widget_type=\"text-editor.default\">\n\t\t\t\t<div class=\"elementor-widget-container\">\n\t\t\t\t\t\t\t\t\t<p>More than 15 years of experience in marketing and sales allows me to approach real estate strategically \u2014 not just as a property, but as a market offering.<\/p><p class=\"translation-block\">What matters is not only the price at which a property is sold, but also how it is positioned in the market, how it is communicated to buyers, and whether it reaches the people for whom it is truly relevant. That is why every decision is based on analysis, context, and the real market situation.<br><br>\nA strategic approach begins with a clear assessment of the situation.<\/p>\t\t\t\t\t\t\t\t<\/div>\n\t\t\t\t<\/div>\n\t\t\t\t<\/div>\n\t\t\t\t\t<\/div>\n\t\t\t\t<\/div>\n\t\t<div class=\"elementor-element elementor-element-119d87c e-flex e-con-boxed e-con e-parent\" data-id=\"119d87c\" data-element_type=\"container\" data-e-type=\"container\" data-settings=\"{&quot;background_background&quot;:&quot;classic&quot;}\">\n\t\t\t\t\t<div class=\"e-con-inner\">\n\t\t<div class=\"elementor-element elementor-element-aa5773a e-con-full e-flex e-con e-child\" data-id=\"aa5773a\" data-element_type=\"container\" data-e-type=\"container\">\n\t\t\t\t<div class=\"elementor-element elementor-element-7ec107d elementor-widget elementor-widget-heading\" data-id=\"7ec107d\" data-element_type=\"widget\" data-e-type=\"widget\" data-widget_type=\"heading.default\">\n\t\t\t\t<div class=\"elementor-widget-container\">\n\t\t\t\t\t<h2 class=\"elementor-heading-title elementor-size-default\">How I Work<\/h2>\t\t\t\t<\/div>\n\t\t\t\t<\/div>\n\t\t\t\t<div class=\"elementor-element elementor-element-64b6379 elementor-widget elementor-widget-text-editor\" data-id=\"64b6379\" data-element_type=\"widget\" data-e-type=\"widget\" data-widget_type=\"text-editor.default\">\n\t\t\t\t<div class=\"elementor-widget-container\">\n\t\t\t\t\t\t\t\t\t<p>Every collaboration begins with a clear assessment of the situation. This helps define not only what needs to be done, but also why.<\/p><p>Market analysis, pricing strategy, and a clear action plan ensure that decisions are based on facts rather than intuition. The process is transparent, decisions are well-grounded, and communication remains clear.<\/p><p>I handle negotiations, coordination, and process management so you don\u2019t have to deal with a constant stream of calls, promises, and unclear answers.<\/p>\t\t\t\t\t\t\t\t<\/div>\n\t\t\t\t<\/div>\n\t\t\t\t<\/div>\n\t\t\t\t\t<\/div>\n\t\t\t\t<\/div>\n\t\t<div class=\"elementor-element elementor-element-91e0ea5 e-flex e-con-boxed e-con e-parent\" data-id=\"91e0ea5\" data-element_type=\"container\" data-e-type=\"container\" data-settings=\"{&quot;background_background&quot;:&quot;classic&quot;}\">\n\t\t\t\t\t<div class=\"e-con-inner\">\n\t\t<div class=\"elementor-element elementor-element-603d604 e-con-full e-flex e-con e-child\" data-id=\"603d604\" data-element_type=\"container\" data-e-type=\"container\" data-settings=\"{&quot;background_background&quot;:&quot;classic&quot;}\">\n\t\t<div class=\"elementor-element elementor-element-fa18769 e-con-full e-flex e-con e-child\" data-id=\"fa18769\" data-element_type=\"container\" data-e-type=\"container\" data-settings=\"{&quot;background_background&quot;:&quot;classic&quot;}\">\n\t\t\t\t<div class=\"elementor-element elementor-element-e6cba02 elementor-widget elementor-widget-image\" data-id=\"e6cba02\" data-element_type=\"widget\" data-e-type=\"widget\" data-widget_type=\"image.default\">\n\t\t\t\t<div class=\"elementor-widget-container\">\n\t\t\t\t\t\t\t\t\t\t\t\t\t\t\t<img fetchpriority=\"high\" decoding=\"async\" width=\"1200\" height=\"480\" src=\"https:\/\/mypropertyexpert.eu\/wp-content\/uploads\/2020\/08\/roofing-featured-project.jpg\" class=\"attachment-full size-full wp-image-164\" alt=\"roofing featured project\" srcset=\"https:\/\/mypropertyexpert.eu\/wp-content\/uploads\/2020\/08\/roofing-featured-project.jpg 1200w, https:\/\/mypropertyexpert.eu\/wp-content\/uploads\/2020\/08\/roofing-featured-project-300x120.jpg 300w, https:\/\/mypropertyexpert.eu\/wp-content\/uploads\/2020\/08\/roofing-featured-project-1024x410.jpg 1024w, https:\/\/mypropertyexpert.eu\/wp-content\/uploads\/2020\/08\/roofing-featured-project-768x307.jpg 768w\" sizes=\"(max-width: 1200px) 100vw, 1200px\" title=\"About me\">\t\t\t\t\t\t\t\t\t\t\t\t\t\t\t<\/div>\n\t\t\t\t<\/div>\n\t\t<div class=\"elementor-element elementor-element-428458a e-flex e-con-boxed e-con e-child\" data-id=\"428458a\" data-element_type=\"container\" data-e-type=\"container\" data-settings=\"{&quot;background_background&quot;:&quot;classic&quot;}\">\n\t\t\t\t\t<div class=\"e-con-inner\">\n\t\t<div class=\"elementor-element elementor-element-f0b738a e-con-full e-flex e-con e-child\" data-id=\"f0b738a\" data-element_type=\"container\" data-e-type=\"container\">\n\t\t\t\t<div class=\"elementor-element elementor-element-7e92899 elementor-view-default elementor-widget elementor-widget-icon\" data-id=\"7e92899\" data-element_type=\"widget\" data-e-type=\"widget\" data-widget_type=\"icon.default\">\n\t\t\t\t<div class=\"elementor-widget-container\">\n\t\t\t\t\t\t\t<div class=\"elementor-icon-wrapper\">\n\t\t\t<div class=\"elementor-icon\">\n\t\t\t<i aria-hidden=\"true\" class=\"fas fa-quote-left\"><\/i>\t\t\t<\/div>\n\t\t<\/div>\n\t\t\t\t\t\t<\/div>\n\t\t\t\t<\/div>\n\t\t\t\t<div class=\"elementor-element elementor-element-89be417 elementor-widget elementor-widget-heading\" data-id=\"89be417\" data-element_type=\"widget\" data-e-type=\"widget\" data-widget_type=\"heading.default\">\n\t\t\t\t<div class=\"elementor-widget-container\">\n\t\t\t\t\t<h4 class=\"elementor-heading-title elementor-size-default\">My Work Principles<\/h4>\t\t\t\t<\/div>\n\t\t\t\t<\/div>\n\t\t\t\t<div class=\"elementor-element elementor-element-e5d20ad elementor-widget__width-initial elementor-widget elementor-widget-testimonial\" data-id=\"e5d20ad\" data-element_type=\"widget\" data-e-type=\"widget\" data-widget_type=\"testimonial.default\">\n\t\t\t\t<div class=\"elementor-widget-container\">\n\t\t\t\t\t\t\t<div class=\"elementor-testimonial-wrapper\">\n\t\t\t\t\t\t\t<div class=\"elementor-testimonial-content\">A viewing is not just a formality \u2014 it is the first step toward a clear decision. I work with focus, clear goals, and respect for your time. My goal is to help you make confident decisions with clarity and a clear understanding of what is best for your situation.<\/div>\n\t\t\t\n\t\t\t\t\t\t<div class=\"elementor-testimonial-meta\">\n\t\t\t\t<div class=\"elementor-testimonial-meta-inner\">\n\t\t\t\t\t\n\t\t\t\t\t\t\t\t\t\t<div class=\"elementor-testimonial-details\">\n\t\t\t\t\t\t\t\t\t\t\t\t\t\t<div class=\"elementor-testimonial-name\">Gintar\u0117 \u0160erpenskien\u0117<\/div>\n\t\t\t\t\t\t\t\t\t\t\t\t\t\t\t\t\t\t\t\t\t\t<div class=\"elementor-testimonial-job\">Real estate expert<\/div>\n\t\t\t\t\t\t\t\t\t\t\t\t\t<\/div>\n\t\t\t\t\t\t\t\t\t<\/div>\n\t\t\t<\/div>\n\t\t\t\t\t<\/div>\n\t\t\t\t\t\t<\/div>\n\t\t\t\t<\/div>\n\t\t\t\t<div class=\"elementor-element elementor-element-7d35d20 elementor-widget elementor-widget-button\" data-id=\"7d35d20\" data-element_type=\"widget\" data-e-type=\"widget\" data-widget_type=\"button.default\">\n\t\t\t\t<div class=\"elementor-widget-container\">\n\t\t\t\t\t\t\t\t\t<div class=\"elementor-button-wrapper\">\n\t\t\t\t\t<a class=\"elementor-button elementor-button-link elementor-size-sm\" href=\"tel:+37060061511\">\n\t\t\t\t\t\t<span class=\"elementor-button-content-wrapper\">\n\t\t\t\t\t\t\t\t\t<span class=\"elementor-button-text\">Let\u2019s discuss your situation<\/span>\n\t\t\t\t\t<\/span>\n\t\t\t\t\t<\/a>\n\t\t\t\t<\/div>\n\t\t\t\t\t\t\t\t<\/div>\n\t\t\t\t<\/div>\n\t\t\t\t<\/div>\n\t\t<div class=\"elementor-element elementor-element-8409f63 e-con-full e-flex e-con e-child\" data-id=\"8409f63\" data-element_type=\"container\" data-e-type=\"container\">\n\t\t\t\t<div class=\"elementor-element elementor-element-a2557f8 elementor-widget elementor-widget-image\" data-id=\"a2557f8\" data-element_type=\"widget\" data-e-type=\"widget\" data-widget_type=\"image.default\">\n\t\t\t\t<div class=\"elementor-widget-container\">\n\t\t\t\t\t\t\t\t\t\t\t\t\t\t\t<img decoding=\"async\" width=\"1024\" height=\"1536\" src=\"https:\/\/mypropertyexpert.eu\/wp-content\/uploads\/2026\/01\/Untitled-design-26-1024x1536.png\" class=\"attachment-1536x1536 size-1536x1536 wp-image-1528\" alt=\"untitled design (26)\" srcset=\"https:\/\/mypropertyexpert.eu\/wp-content\/uploads\/2026\/01\/Untitled-design-26-1024x1536.png 1024w, https:\/\/mypropertyexpert.eu\/wp-content\/uploads\/2026\/01\/Untitled-design-26-200x300.png 200w, https:\/\/mypropertyexpert.eu\/wp-content\/uploads\/2026\/01\/Untitled-design-26-683x1024.png 683w, https:\/\/mypropertyexpert.eu\/wp-content\/uploads\/2026\/01\/Untitled-design-26-768x1152.png 768w, https:\/\/mypropertyexpert.eu\/wp-content\/uploads\/2026\/01\/Untitled-design-26-1365x2048.png 1365w, https:\/\/mypropertyexpert.eu\/wp-content\/uploads\/2026\/01\/Untitled-design-26-scaled.png 1707w\" sizes=\"(max-width: 1024px) 100vw, 1024px\" title=\"About me\">\t\t\t\t\t\t\t\t\t\t\t\t\t\t\t<\/div>\n\t\t\t\t<\/div>\n\t\t\t\t<\/div>\n\t\t\t\t\t<\/div>\n\t\t\t\t<\/div>\n\t\t\t\t<\/div>\n\t\t\t\t<\/div>\n\t\t\t\t\t<\/div>\n\t\t\t\t<\/div>\n\t\t\t\t<\/div>","protected":false},"excerpt":{"rendered":"<p>Apie mane Strateginiai sprendimai nekilnojamojo turto klausimuose \u2014 nuo situacijos vertinimo iki ai\u0161kaus rezultato. PATIRTIS, KURIA REMIASI STRATEGINIAI SPRENDIMAI Daugiau [&hellip;]<\/p>\n","protected":false},"author":1,"featured_media":0,"parent":0,"menu_order":0,"comment_status":"closed","ping_status":"closed","template":"","meta":{"site-sidebar-layout":"no-sidebar","site-content-layout":"page-builder","ast-site-content-layout":"default","site-content-style":"default","site-sidebar-style":"default","ast-global-header-display":"","ast-banner-title-visibility":"","ast-main-header-display":"","ast-hfb-above-header-display":"","ast-hfb-below-header-display":"","ast-hfb-mobile-header-display":"","site-post-title":"disabled","ast-breadcrumbs-content":"","ast-featured-img":"disabled","footer-sml-layout":"","ast-disable-related-posts":"","theme-transparent-header-meta":"enabled","adv-header-id-meta":"","stick-header-meta":"","header-above-stick-meta":"","header-main-stick-meta":"","header-below-stick-meta":"","astra-migrate-meta-layouts":"default","ast-page-background-enabled":"default","ast-page-background-meta":{"desktop":{"background-color":"","background-image":"","background-repeat":"repeat","background-position":"center center","background-size":"auto","background-attachment":"scroll","background-type":"","background-media":"","overlay-type":"","overlay-color":"","overlay-opacity":"","overlay-gradient":""},"tablet":{"background-color":"","background-image":"","background-repeat":"repeat","background-position":"center center","background-size":"auto","background-attachment":"scroll","background-type":"","background-media":"","overlay-type":"","overlay-color":"","overlay-opacity":"","overlay-gradient":""},"mobile":{"background-color":"","background-image":"","background-repeat":"repeat","background-position":"center center","background-size":"auto","background-attachment":"scroll","background-type":"","background-media":"","overlay-type":"","overlay-color":"","overlay-opacity":"","overlay-gradient":""}},"ast-content-background-meta":{"desktop":{"background-color":"var(--ast-global-color-5)","background-image":"","background-repeat":"repeat","background-position":"center center","background-size":"auto","background-attachment":"scroll","background-type":"","background-media":"","overlay-type":"","overlay-color":"","overlay-opacity":"","overlay-gradient":""},"tablet":{"background-color":"var(--ast-global-color-5)","background-image":"","background-repeat":"repeat","background-position":"center center","background-size":"auto","background-attachment":"scroll","background-type":"","background-media":"","overlay-type":"","overlay-color":"","overlay-opacity":"","overlay-gradient":""},"mobile":{"background-color":"var(--ast-global-color-5)","background-image":"","background-repeat":"repeat","background-position":"center center","background-size":"auto","background-attachment":"scroll","background-type":"","background-media":"","overlay-type":"","overlay-color":"","overlay-opacity":"","overlay-gradient":""}},"footnotes":""},"class_list":["post-119","page","type-page","status-publish","hentry"],"yoast_head":"<!-- This site is optimized with the Yoast SEO plugin v27.1.1 - https:\/\/yoast.com\/product\/yoast-seo-wordpress\/ -->\n<title>Apie mane - mypropertyexpert.eu<\/title>\n<meta name=\"robots\" content=\"index, follow, max-snippet:-1, max-image-preview:large, max-video-preview:-1\" \/>\n<link rel=\"canonical\" href=\"https:\/\/mypropertyexpert.eu\/en\/about-us\/\" \/>\n<meta property=\"og:locale\" content=\"en_US\" \/>\n<meta property=\"og:type\" content=\"article\" \/>\n<meta property=\"og:title\" content=\"Apie mane - mypropertyexpert.eu\" \/>\n<meta property=\"og:description\" content=\"Apie mane Strateginiai sprendimai nekilnojamojo turto klausimuose \u2014 nuo situacijos vertinimo iki ai\u0161kaus rezultato. PATIRTIS, KURIA REMIASI STRATEGINIAI SPRENDIMAI Daugiau [&hellip;]\" \/>\n<meta property=\"og:url\" content=\"https:\/\/mypropertyexpert.eu\/en\/about-us\/\" \/>\n<meta property=\"og:site_name\" content=\"mypropertyexpert.eu\" \/>\n<meta property=\"article:publisher\" content=\"https:\/\/www.facebook.com\/profile.php?id=61570630220823\" \/>\n<meta property=\"article:modified_time\" content=\"2026-03-05T12:29:52+00:00\" \/>\n<meta property=\"og:image\" content=\"https:\/\/mypropertyexpert.eu\/wp-content\/uploads\/2020\/08\/roofing-featured-project.jpg\" \/>\n\t<meta property=\"og:image:width\" content=\"1200\" \/>\n\t<meta property=\"og:image:height\" content=\"480\" \/>\n\t<meta property=\"og:image:type\" content=\"image\/jpeg\" \/>\n<meta name=\"twitter:card\" content=\"summary_large_image\" \/>\n<meta name=\"twitter:label1\" content=\"Est. reading time\" \/>\n\t<meta name=\"twitter:data1\" content=\"4 minutes\" \/>\n<script type=\"application\/ld+json\" class=\"yoast-schema-graph\">{\"@context\":\"https:\/\/schema.org\",\"@graph\":[{\"@type\":\"WebPage\",\"@id\":\"https:\/\/mypropertyexpert.eu\/about-us\",\"url\":\"https:\/\/mypropertyexpert.eu\/about-us\",\"name\":\"Apie mane - mypropertyexpert.eu\",\"isPartOf\":{\"@id\":\"https:\/\/mypropertyexpert.eu\/#website\"},\"primaryImageOfPage\":{\"@id\":\"https:\/\/mypropertyexpert.eu\/about-us#primaryimage\"},\"image\":{\"@id\":\"https:\/\/mypropertyexpert.eu\/about-us#primaryimage\"},\"thumbnailUrl\":\"https:\/\/mypropertyexpert.eu\/wp-content\/uploads\/2020\/08\/roofing-featured-project.jpg\",\"datePublished\":\"2026-01-19T10:54:45+00:00\",\"dateModified\":\"2026-03-05T12:29:52+00:00\",\"breadcrumb\":{\"@id\":\"https:\/\/mypropertyexpert.eu\/about-us#breadcrumb\"},\"inLanguage\":\"en-US\",\"potentialAction\":[{\"@type\":\"ReadAction\",\"target\":[\"https:\/\/mypropertyexpert.eu\/about-us\"]}]},{\"@type\":\"ImageObject\",\"inLanguage\":\"en-US\",\"@id\":\"https:\/\/mypropertyexpert.eu\/about-us#primaryimage\",\"url\":\"https:\/\/mypropertyexpert.eu\/wp-content\/uploads\/2020\/08\/roofing-featured-project.jpg\",\"contentUrl\":\"https:\/\/mypropertyexpert.eu\/wp-content\/uploads\/2020\/08\/roofing-featured-project.jpg\"},{\"@type\":\"BreadcrumbList\",\"@id\":\"https:\/\/mypropertyexpert.eu\/about-us#breadcrumb\",\"itemListElement\":[{\"@type\":\"ListItem\",\"position\":1,\"name\":\"Home\",\"item\":\"https:\/\/mypropertyexpert.eu\/\"},{\"@type\":\"ListItem\",\"position\":2,\"name\":\"Apie mane\"}]},{\"@type\":\"WebSite\",\"@id\":\"https:\/\/mypropertyexpert.eu\/#website\",\"url\":\"https:\/\/mypropertyexpert.eu\/\",\"name\":\"mypropertyexpert.eu\",\"description\":\"\",\"publisher\":{\"@id\":\"https:\/\/mypropertyexpert.eu\/#organization\"},\"potentialAction\":[{\"@type\":\"SearchAction\",\"target\":{\"@type\":\"EntryPoint\",\"urlTemplate\":\"https:\/\/mypropertyexpert.eu\/?s={search_term_string}\"},\"query-input\":{\"@type\":\"PropertyValueSpecification\",\"valueRequired\":true,\"valueName\":\"search_term_string\"}}],\"inLanguage\":\"en-US\"},{\"@type\":\"Organization\",\"@id\":\"https:\/\/mypropertyexpert.eu\/#organization\",\"name\":\"mypropertyexpert.eu\",\"url\":\"https:\/\/mypropertyexpert.eu\/\",\"logo\":{\"@type\":\"ImageObject\",\"inLanguage\":\"en-US\",\"@id\":\"https:\/\/mypropertyexpert.eu\/#\/schema\/logo\/image\/\",\"url\":\"https:\/\/mypropertyexpert.eu\/wp-content\/uploads\/2026\/02\/Black-and-Brown-Modern-Real-Estate-Logo-2-1.png\",\"contentUrl\":\"https:\/\/mypropertyexpert.eu\/wp-content\/uploads\/2026\/02\/Black-and-Brown-Modern-Real-Estate-Logo-2-1.png\",\"width\":300,\"height\":120,\"caption\":\"mypropertyexpert.eu\"},\"image\":{\"@id\":\"https:\/\/mypropertyexpert.eu\/#\/schema\/logo\/image\/\"},\"sameAs\":[\"https:\/\/www.facebook.com\/profile.php?id=61570630220823\",\"https:\/\/www.instagram.com\/gintarent?igsh=NXQzNGw5NGxoYm93&utm_source=qr\"]}]}<\/script>\n<!-- \/ Yoast SEO plugin. -->","yoast_head_json":{"title":"Apie mane - mypropertyexpert.eu","robots":{"index":"index","follow":"follow","max-snippet":"max-snippet:-1","max-image-preview":"max-image-preview:large","max-video-preview":"max-video-preview:-1"},"canonical":"https:\/\/mypropertyexpert.eu\/en\/about-us\/","og_locale":"en_US","og_type":"article","og_title":"Apie mane - mypropertyexpert.eu","og_description":"Apie mane Strateginiai sprendimai nekilnojamojo turto klausimuose \u2014 nuo situacijos vertinimo iki ai\u0161kaus rezultato. PATIRTIS, KURIA REMIASI STRATEGINIAI SPRENDIMAI Daugiau [&hellip;]","og_url":"https:\/\/mypropertyexpert.eu\/en\/about-us\/","og_site_name":"mypropertyexpert.eu","article_publisher":"https:\/\/www.facebook.com\/profile.php?id=61570630220823","article_modified_time":"2026-03-05T12:29:52+00:00","og_image":[{"width":1200,"height":480,"url":"https:\/\/mypropertyexpert.eu\/wp-content\/uploads\/2020\/08\/roofing-featured-project.jpg","type":"image\/jpeg"}],"twitter_card":"summary_large_image","twitter_misc":{"Est. reading time":"4 minutes"},"schema":{"@context":"https:\/\/schema.org","@graph":[{"@type":"WebPage","@id":"https:\/\/mypropertyexpert.eu\/about-us","url":"https:\/\/mypropertyexpert.eu\/about-us","name":"Apie mane - mypropertyexpert.eu","isPartOf":{"@id":"https:\/\/mypropertyexpert.eu\/#website"},"primaryImageOfPage":{"@id":"https:\/\/mypropertyexpert.eu\/about-us#primaryimage"},"image":{"@id":"https:\/\/mypropertyexpert.eu\/about-us#primaryimage"},"thumbnailUrl":"https:\/\/mypropertyexpert.eu\/wp-content\/uploads\/2020\/08\/roofing-featured-project.jpg","datePublished":"2026-01-19T10:54:45+00:00","dateModified":"2026-03-05T12:29:52+00:00","breadcrumb":{"@id":"https:\/\/mypropertyexpert.eu\/about-us#breadcrumb"},"inLanguage":"en-US","potentialAction":[{"@type":"ReadAction","target":["https:\/\/mypropertyexpert.eu\/about-us"]}]},{"@type":"ImageObject","inLanguage":"en-US","@id":"https:\/\/mypropertyexpert.eu\/about-us#primaryimage","url":"https:\/\/mypropertyexpert.eu\/wp-content\/uploads\/2020\/08\/roofing-featured-project.jpg","contentUrl":"https:\/\/mypropertyexpert.eu\/wp-content\/uploads\/2020\/08\/roofing-featured-project.jpg"},{"@type":"BreadcrumbList","@id":"https:\/\/mypropertyexpert.eu\/about-us#breadcrumb","itemListElement":[{"@type":"ListItem","position":1,"name":"Home","item":"https:\/\/mypropertyexpert.eu\/"},{"@type":"ListItem","position":2,"name":"Apie mane"}]},{"@type":"WebSite","@id":"https:\/\/mypropertyexpert.eu\/#website","url":"https:\/\/mypropertyexpert.eu\/","name":"mypropertyexpert.eu","description":"","publisher":{"@id":"https:\/\/mypropertyexpert.eu\/#organization"},"potentialAction":[{"@type":"SearchAction","target":{"@type":"EntryPoint","urlTemplate":"https:\/\/mypropertyexpert.eu\/?s={search_term_string}"},"query-input":{"@type":"PropertyValueSpecification","valueRequired":true,"valueName":"search_term_string"}}],"inLanguage":"en-US"},{"@type":"Organization","@id":"https:\/\/mypropertyexpert.eu\/#organization","name":"mypropertyexpert.eu","url":"https:\/\/mypropertyexpert.eu\/","logo":{"@type":"ImageObject","inLanguage":"en-US","@id":"https:\/\/mypropertyexpert.eu\/#\/schema\/logo\/image\/","url":"https:\/\/mypropertyexpert.eu\/wp-content\/uploads\/2026\/02\/Black-and-Brown-Modern-Real-Estate-Logo-2-1.png","contentUrl":"https:\/\/mypropertyexpert.eu\/wp-content\/uploads\/2026\/02\/Black-and-Brown-Modern-Real-Estate-Logo-2-1.png","width":300,"height":120,"caption":"mypropertyexpert.eu"},"image":{"@id":"https:\/\/mypropertyexpert.eu\/#\/schema\/logo\/image\/"},"sameAs":["https:\/\/www.facebook.com\/profile.php?id=61570630220823","https:\/\/www.instagram.com\/gintarent?igsh=NXQzNGw5NGxoYm93&utm_source=qr"]}]}},"_links":{"self":[{"href":"https:\/\/mypropertyexpert.eu\/en\/wp-json\/wp\/v2\/pages\/119","targetHints":{"allow":["GET"]}}],"collection":[{"href":"https:\/\/mypropertyexpert.eu\/en\/wp-json\/wp\/v2\/pages"}],"about":[{"href":"https:\/\/mypropertyexpert.eu\/en\/wp-json\/wp\/v2\/types\/page"}],"author":[{"embeddable":true,"href":"https:\/\/mypropertyexpert.eu\/en\/wp-json\/wp\/v2\/users\/1"}],"replies":[{"embeddable":true,"href":"https:\/\/mypropertyexpert.eu\/en\/wp-json\/wp\/v2\/comments?post=119"}],"version-history":[{"count":276,"href":"https:\/\/mypropertyexpert.eu\/en\/wp-json\/wp\/v2\/pages\/119\/revisions"}],"predecessor-version":[{"id":2560,"href":"https:\/\/mypropertyexpert.eu\/en\/wp-json\/wp\/v2\/pages\/119\/revisions\/2560"}],"wp:attachment":[{"href":"https:\/\/mypropertyexpert.eu\/en\/wp-json\/wp\/v2\/media?parent=119"}],"curies":[{"name":"wp","href":"https:\/\/api.w.org\/{rel}","templated":true}]}}